{"id":1495,"date":"2024-08-04T17:37:58","date_gmt":"2024-08-04T15:37:58","guid":{"rendered":"https:\/\/mwgfsurvey.com\/?page_id=1495"},"modified":"2025-04-04T21:20:05","modified_gmt":"2025-04-04T19:20:05","slug":"cooling-system","status":"publish","type":"page","link":"https:\/\/mwgfsurvey.com\/en\/cooling-system\/","title":{"rendered":"Cooling system"},"content":{"rendered":"<div data-elementor-type=\"wp-page\" data-elementor-id=\"1495\" class=\"elementor elementor-1495\" data-elementor-post-type=\"page\">\n\t\t\t\t<div class=\"elementor-element elementor-element-c5fcaee e-flex e-con-boxed e-con e-parent\" data-id=\"c5fcaee\" data-element_type=\"container\" data-e-type=\"container\" data-settings=\"{&quot;background_background&quot;:&quot;classic&quot;}\">\n\t\t\t\t\t<div class=\"e-con-inner\">\n\t\t<div class=\"elementor-element elementor-element-853cedb e-con-full e-flex elementor-invisible e-con e-child\" data-id=\"853cedb\" data-element_type=\"container\" data-e-type=\"container\" data-settings=\"{&quot;background_background&quot;:&quot;classic&quot;,&quot;animation&quot;:&quot;rotateInDownLeft&quot;,&quot;animation_delay&quot;:10}\">\n\t\t\t\t<div class=\"elementor-element elementor-element-a6afb7c animated-slow elementor-invisible elementor-widget elementor-widget-image\" data-id=\"a6afb7c\" data-element_type=\"widget\" data-e-type=\"widget\" data-settings=\"{&quot;_animation&quot;:&quot;fadeIn&quot;,&quot;_animation_delay&quot;:5}\" data-widget_type=\"image.default\">\n\t\t\t\t<div class=\"elementor-widget-container\">\n\t\t\t\t\t\t\t\t\t\t\t\t<figure class=\"wp-caption\">\n\t\t\t\t\t\t\t\t\t\t<img fetchpriority=\"high\" decoding=\"async\" width=\"768\" height=\"1024\" src=\"https:\/\/mwgfsurvey.com\/wp-content\/uploads\/2024\/08\/CS_SSS_01L-_01-768x1024.jpg\" class=\"attachment-large size-large wp-image-1781\" alt=\"TPU cooling system securely packed in protective case for transport\u200b\" srcset=\"https:\/\/mwgfsurvey.com\/wp-content\/uploads\/2024\/08\/CS_SSS_01L-_01-768x1024.jpg 768w, https:\/\/mwgfsurvey.com\/wp-content\/uploads\/2024\/08\/CS_SSS_01L-_01-225x300.jpg 225w, https:\/\/mwgfsurvey.com\/wp-content\/uploads\/2024\/08\/CS_SSS_01L-_01-1152x1536.jpg 1152w, https:\/\/mwgfsurvey.com\/wp-content\/uploads\/2024\/08\/CS_SSS_01L-_01-1536x2048.jpg 1536w, https:\/\/mwgfsurvey.com\/wp-content\/uploads\/2024\/08\/CS_SSS_01L-_01-9x12.jpg 9w, https:\/\/mwgfsurvey.com\/wp-content\/uploads\/2024\/08\/CS_SSS_01L-_01-scaled.jpg 1920w\" sizes=\"(max-width: 768px) 100vw, 768px\" \/>\t\t\t\t\t\t\t\t\t\t\t<figcaption class=\"widget-image-caption wp-caption-text\"><\/figcaption>\n\t\t\t\t\t\t\t\t\t\t<\/figure>\n\t\t\t\t\t\t\t\t\t<\/div>\n\t\t\t\t<\/div>\n\t\t\t\t<\/div>\n\t\t<div class=\"elementor-element elementor-element-53b88ce e-con-full e-flex elementor-invisible e-con e-child\" data-id=\"53b88ce\" data-element_type=\"container\" data-e-type=\"container\" data-settings=\"{&quot;animation&quot;:&quot;fadeIn&quot;,&quot;animation_delay&quot;:3}\">\n\t\t\t\t<div class=\"elementor-element elementor-element-4f852f7 elementor-widget elementor-widget-heading\" data-id=\"4f852f7\" data-element_type=\"widget\" data-e-type=\"widget\" data-widget_type=\"heading.default\">\n\t\t\t\t<div class=\"elementor-widget-container\">\n\t\t\t\t\t<h1 class=\"elementor-heading-title elementor-size-default\">Cooling system\n<\/h1>\t\t\t\t<\/div>\n\t\t\t\t<\/div>\n\t\t\t\t<div class=\"elementor-element elementor-element-e657c25 elementor-widget elementor-widget-text-editor\" data-id=\"e657c25\" data-element_type=\"widget\" data-e-type=\"widget\" data-widget_type=\"text-editor.default\">\n\t\t\t\t<div class=\"elementor-widget-container\">\n\t\t\t\t\t\t\t\t\t<p>CS\/SSS\/01L<\/p>\t\t\t\t\t\t\t\t<\/div>\n\t\t\t\t<\/div>\n\t\t\t\t<div class=\"elementor-element elementor-element-f76587d elementor-widget-divider--view-line elementor-widget elementor-widget-divider\" data-id=\"f76587d\" data-element_type=\"widget\" data-e-type=\"widget\" data-widget_type=\"divider.default\">\n\t\t\t\t<div class=\"elementor-widget-container\">\n\t\t\t\t\t\t\t<div class=\"elementor-divider\">\n\t\t\t<span class=\"elementor-divider-separator\">\n\t\t\t\t\t\t<\/span>\n\t\t<\/div>\n\t\t\t\t\t\t<\/div>\n\t\t\t\t<\/div>\n\t\t\t\t<div class=\"elementor-element elementor-element-3068bb1 elementor-widget elementor-widget-text-editor\" data-id=\"3068bb1\" data-element_type=\"widget\" data-e-type=\"widget\" data-widget_type=\"text-editor.default\">\n\t\t\t\t<div class=\"elementor-widget-container\">\n\t\t\t\t\t\t\t\t\t<p class=\"translation-block\">Some devices used for geophysical data acquisition have a tendency to overheat.<br>Excessively high temperatures, negatively affect the quality and reliability of operation.\nThis problem, for the most part, applies to closed (portable versions of the devices) or passively cooled designs.<\/p>\n<p>W czasie projekt\u00f3w, wielokrotnie mieli\u015bmy problem z przegrzewaniem <b>TPU<\/b> (<b>T<\/b>opside <b>P<\/b>rocessing<b> U<\/b>nit) do sonaru bocznego holowanego (wersja przeno\u015bna \u201eP\u201d).<\/p>\n<p>After thermographic imaging, a solution to the problem was found.<br>A very high heat emission was occurring through the inner cover. As it was not possible to modify the hardware ('rental equipment'), we decided to design a cooling system.<\/p>\t\t\t\t\t\t\t\t<\/div>\n\t\t\t\t<\/div>\n\t\t\t\t<div class=\"elementor-element elementor-element-98e8751 elementor-widget elementor-widget-button\" data-id=\"98e8751\" data-element_type=\"widget\" data-e-type=\"widget\" data-widget_type=\"button.default\">\n\t\t\t\t<div class=\"elementor-widget-container\">\n\t\t\t\t\t\t\t\t\t<div class=\"elementor-button-wrapper\">\n\t\t\t\t\t<a class=\"elementor-button elementor-button-link elementor-size-sm\" href=\"https:\/\/mwgfsurvey.com\/en\/contact\/\">\n\t\t\t\t\t\t<span class=\"elementor-button-content-wrapper\">\n\t\t\t\t\t\t<span class=\"elementor-button-icon\">\n\t\t\t\t<svg aria-hidden=\"true\" class=\"e-font-icon-svg e-fas-phone-square-alt\" viewbox=\"0 0 448 512\" xmlns=\"http:\/\/www.w3.org\/2000\/svg\"><path d=\"M400 32H48A48 48 0 0 0 0 80v352a48 48 0 0 0 48 48h352a48 48 0 0 0 48-48V80a48 48 0 0 0-48-48zm-16.39 307.37l-15 65A15 15 0 0 1 354 416C194 416 64 286.29 64 126a15.7 15.7 0 0 1 11.63-14.61l65-15A18.23 18.23 0 0 1 144 96a16.27 16.27 0 0 1 13.79 9.09l30 70A17.9 17.9 0 0 1 189 181a17 17 0 0 1-5.5 11.61l-37.89 31a231.91 231.91 0 0 0 110.78 110.78l31-37.89A17 17 0 0 1 299 291a17.85 17.85 0 0 1 5.91 1.21l70 30A16.25 16.25 0 0 1 384 336a17.41 17.41 0 0 1-.39 3.37z\"><\/path><\/svg>\t\t\t<\/span>\n\t\t\t\t\t\t\t\t\t<span class=\"elementor-button-text\">GET IN TOUCH<\/span>\n\t\t\t\t\t<\/span>\n\t\t\t\t\t<\/a>\n\t\t\t\t<\/div>\n\t\t\t\t\t\t\t\t<\/div>\n\t\t\t\t<\/div>\n\t\t\t\t<\/div>\n\t\t\t\t\t<\/div>\n\t\t\t\t<\/div>\n\t\t<div class=\"elementor-element elementor-element-712d149 e-flex e-con-boxed e-con e-parent\" data-id=\"712d149\" data-element_type=\"container\" data-e-type=\"container\">\n\t\t\t\t\t<div class=\"e-con-inner\">\n\t\t\t\t<div class=\"elementor-element elementor-element-d7e600f elementor-widget elementor-widget-heading\" data-id=\"d7e600f\" data-element_type=\"widget\" data-e-type=\"widget\" data-widget_type=\"heading.default\">\n\t\t\t\t<div class=\"elementor-widget-container\">\n\t\t\t\t\t<h2 class=\"elementor-heading-title elementor-size-default\">The following parameters apply to the design, adapted to the TPU SSS 'P' version:\n<\/h2>\t\t\t\t<\/div>\n\t\t\t\t<\/div>\n\t\t\t\t<div class=\"elementor-element elementor-element-cd2d82d elementor-widget elementor-widget-text-editor\" data-id=\"cd2d82d\" data-element_type=\"widget\" data-e-type=\"widget\" data-widget_type=\"text-editor.default\">\n\t\t\t\t<div class=\"elementor-widget-container\">\n\t\t\t\t\t\t\t\t\t<p>Heat sink: 380x200x25mm, cross-section area 23.22cm2<br \/>Fans: 2x 120x120x38mm, 20W, 127.5m \/h<br \/>Thermostat: 0 - 60 \u00b0C<br \/>Fuse: F 5x20mm 0.35A 250V<br \/>Power supply: 40W\/0.2A; 50-60Hz, 220-240V, AC<br \/>The system is equipped with a thermostat (switch-on threshold can be set), a fuse and<br \/>a diode\nindicating fan operation. In addition, a 3-position switch allows the desired operating mode<br \/>to be selected.<br \/>If you have additional questions, are interested in purchasing or would like to make modifications,<br \/>please contact contact@mwgfsurvey.com.<br \/>Each cooling system is made to individual specifications.<\/p>\t\t\t\t\t\t\t\t<\/div>\n\t\t\t\t<\/div>\n\t\t\t\t<div class=\"elementor-element elementor-element-380980e elementor-widget elementor-widget-gallery\" data-id=\"380980e\" data-element_type=\"widget\" data-e-type=\"widget\" data-settings=\"{&quot;columns&quot;:2,&quot;lazyload&quot;:&quot;yes&quot;,&quot;gallery_layout&quot;:&quot;grid&quot;,&quot;columns_tablet&quot;:2,&quot;columns_mobile&quot;:1,&quot;gap&quot;:{&quot;unit&quot;:&quot;px&quot;,&quot;size&quot;:10,&quot;sizes&quot;:[]},&quot;gap_tablet&quot;:{&quot;unit&quot;:&quot;px&quot;,&quot;size&quot;:10,&quot;sizes&quot;:[]},&quot;gap_mobile&quot;:{&quot;unit&quot;:&quot;px&quot;,&quot;size&quot;:10,&quot;sizes&quot;:[]},&quot;link_to&quot;:&quot;file&quot;,&quot;aspect_ratio&quot;:&quot;3:2&quot;,&quot;overlay_background&quot;:&quot;yes&quot;,&quot;content_hover_animation&quot;:&quot;fade-in&quot;}\" data-widget_type=\"gallery.default\">\n\t\t\t\t<div class=\"elementor-widget-container\">\n\t\t\t\t\t\t\t<div class=\"elementor-gallery__container\">\n\t\t\t\t\t\t\t<a class=\"e-gallery-item elementor-gallery-item elementor-animated-content\" href=\"https:\/\/mwgfsurvey.com\/wp-content\/uploads\/2024\/08\/CS_SSS_01L-_02-scaled.jpg\" data-elementor-open-lightbox=\"yes\" data-elementor-lightbox-slideshow=\"380980e\" data-elementor-lightbox-title=\"CS_SSS_01L _02\" data-e-action-hash=\"#elementor-action%3Aaction%3Dlightbox%26settings%3DeyJpZCI6MTc4MywidXJsIjoiaHR0cHM6XC9cL213Z2ZzdXJ2ZXkuY29tXC93cC1jb250ZW50XC91cGxvYWRzXC8yMDI0XC8wOFwvQ1NfU1NTXzAxTC1fMDItc2NhbGVkLmpwZyIsInNsaWRlc2hvdyI6IjM4MDk4MGUifQ%3D%3D\">\n\t\t\t\t\t<div class=\"e-gallery-image elementor-gallery-item__image\" data-thumbnail=\"https:\/\/mwgfsurvey.com\/wp-content\/uploads\/2024\/08\/CS_SSS_01L-_02-scaled.jpg\" data-width=\"2560\" data-height=\"1920\" aria-label=\"TPU cooling system operating on topside during offshore survey\u200b\" role=\"img\" ><\/div>\n\t\t\t\t\t\t\t\t\t\t\t<div class=\"elementor-gallery-item__overlay\"><\/div>\n\t\t\t\t\t\t\t\t\t\t\t\t\t\t<\/a>\n\t\t\t\t\t\t\t<a class=\"e-gallery-item elementor-gallery-item elementor-animated-content\" href=\"https:\/\/mwgfsurvey.com\/wp-content\/uploads\/2024\/08\/CS_SSS_01L-_03-scaled.jpg\" data-elementor-open-lightbox=\"yes\" data-elementor-lightbox-slideshow=\"380980e\" data-elementor-lightbox-title=\"CS_SSS_01L _03\" data-e-action-hash=\"#elementor-action%3Aaction%3Dlightbox%26settings%3DeyJpZCI6MTc4NCwidXJsIjoiaHR0cHM6XC9cL213Z2ZzdXJ2ZXkuY29tXC93cC1jb250ZW50XC91cGxvYWRzXC8yMDI0XC8wOFwvQ1NfU1NTXzAxTC1fMDMtc2NhbGVkLmpwZyIsInNsaWRlc2hvdyI6IjM4MDk4MGUifQ%3D%3D\">\n\t\t\t\t\t<div class=\"e-gallery-image elementor-gallery-item__image\" data-thumbnail=\"https:\/\/mwgfsurvey.com\/wp-content\/uploads\/2024\/08\/CS_SSS_01L-_03-scaled.jpg\" data-width=\"2560\" data-height=\"1921\" aria-label=\"First use of cooling system in offshore condition\" role=\"img\" ><\/div>\n\t\t\t\t\t\t\t\t\t\t\t<div class=\"elementor-gallery-item__overlay\"><\/div>\n\t\t\t\t\t\t\t\t\t\t\t\t\t\t<\/a>\n\t\t\t\t\t<\/div>\n\t\t\t\t\t<\/div>\n\t\t\t\t<\/div>\n\t\t\t\t\t<\/div>\n\t\t\t\t<\/div>\n\t\t\t\t<\/div>","protected":false},"excerpt":{"rendered":"<p>Uk\u0142ad ch\u0142odz\u0105cy CS\/SSS\/01L Niekt\u00f3re urz\u0105dzenia wykorzystywane do akwizycji danych geofizycznych, miewaj\u0105 tendencj\u0119 do przegrzewania si\u0119.Zbyt wysoka temperatura, negatywnie wp\u0142ywa na jako\u015b\u0107 i bezawaryjno\u015b\u0107 pracy. Problem ten, dotyczy przewa\u017cnie konstrukcji zamkni\u0119tych (wersje przeno\u015bne urz\u0105dze\u0144) lub ch\u0142odzonych pasywnie. W czasie projekt\u00f3w, wielokrotnie mieli\u015bmy problem z przegrzewaniem TPU (Topside Processing Unit) do sonaru bocznego holowanego (wersja przeno\u015bna \u201eP\u201d). [&hellip;]<\/p>\n","protected":false},"author":1,"featured_media":0,"parent":0,"menu_order":0,"comment_status":"closed","ping_status":"closed","template":"","meta":{"footnotes":""},"class_list":["post-1495","page","type-page","status-publish","hentry"],"blocksy_meta":[],"yoast_head":"<!-- This site is optimized with the Yoast SEO plugin v27.4 - https:\/\/yoast.com\/product\/yoast-seo-wordpress\/ -->\n<title>TPU Cooling System for Topside Electronics | MWGF Survey<\/title>\n<meta name=\"description\" content=\"TPU cooling system protects topside electronics from overheating. Compact and reliable solution for geophysical data acquisition setups.\" \/>\n<meta name=\"robots\" content=\"index, follow, max-snippet:-1, max-image-preview:large, max-video-preview:-1\" \/>\n<link rel=\"canonical\" href=\"https:\/\/mwgfsurvey.com\/en\/cooling-system\/\" \/>\n<meta property=\"og:locale\" content=\"en_GB\" \/>\n<meta property=\"og:type\" content=\"article\" \/>\n<meta property=\"og:title\" content=\"TPU Cooling System for Topside Electronics | MWGF Survey\" \/>\n<meta property=\"og:description\" content=\"TPU cooling system protects topside electronics from overheating. Compact and reliable solution for geophysical data acquisition setups.\" \/>\n<meta property=\"og:url\" content=\"https:\/\/mwgfsurvey.com\/en\/cooling-system\/\" \/>\n<meta property=\"og:site_name\" content=\"mwgfsurvey\" \/>\n<meta property=\"article:modified_time\" content=\"2025-04-04T19:20:05+00:00\" \/>\n<meta property=\"og:image\" content=\"https:\/\/mwgfsurvey.com\/wp-content\/uploads\/2024\/08\/CS_SSS_01L-_01-scaled.jpg\" \/>\n\t<meta property=\"og:image:width\" content=\"1920\" \/>\n\t<meta property=\"og:image:height\" content=\"2560\" \/>\n\t<meta property=\"og:image:type\" content=\"image\/jpeg\" \/>\n<meta name=\"twitter:card\" content=\"summary_large_image\" \/>\n<meta name=\"twitter:label1\" content=\"Estimated reading time\" \/>\n\t<meta name=\"twitter:data1\" content=\"2 minutes\" \/>\n<script type=\"application\/ld+json\" class=\"yoast-schema-graph\">{\"@context\":\"https:\\\/\\\/schema.org\",\"@graph\":[{\"@type\":\"WebPage\",\"@id\":\"https:\\\/\\\/mwgfsurvey.com\\\/cooling-system\\\/\",\"url\":\"https:\\\/\\\/mwgfsurvey.com\\\/cooling-system\\\/\",\"name\":\"TPU Cooling System for Topside Electronics | MWGF Survey\",\"isPartOf\":{\"@id\":\"https:\\\/\\\/mwgfsurvey.com\\\/#website\"},\"primaryImageOfPage\":{\"@id\":\"https:\\\/\\\/mwgfsurvey.com\\\/cooling-system\\\/#primaryimage\"},\"image\":{\"@id\":\"https:\\\/\\\/mwgfsurvey.com\\\/cooling-system\\\/#primaryimage\"},\"thumbnailUrl\":\"https:\\\/\\\/mwgfsurvey.com\\\/wp-content\\\/uploads\\\/2024\\\/08\\\/CS_SSS_01L-_01-768x1024.jpg\",\"datePublished\":\"2024-08-04T15:37:58+00:00\",\"dateModified\":\"2025-04-04T19:20:05+00:00\",\"description\":\"TPU cooling system protects topside electronics from overheating. Compact and reliable solution for geophysical data acquisition setups.\",\"breadcrumb\":{\"@id\":\"https:\\\/\\\/mwgfsurvey.com\\\/cooling-system\\\/#breadcrumb\"},\"inLanguage\":\"en-GB\",\"potentialAction\":[{\"@type\":\"ReadAction\",\"target\":[\"https:\\\/\\\/mwgfsurvey.com\\\/cooling-system\\\/\"]}]},{\"@type\":\"ImageObject\",\"inLanguage\":\"en-GB\",\"@id\":\"https:\\\/\\\/mwgfsurvey.com\\\/cooling-system\\\/#primaryimage\",\"url\":\"https:\\\/\\\/mwgfsurvey.com\\\/wp-content\\\/uploads\\\/2024\\\/08\\\/CS_SSS_01L-_01-768x1024.jpg\",\"contentUrl\":\"https:\\\/\\\/mwgfsurvey.com\\\/wp-content\\\/uploads\\\/2024\\\/08\\\/CS_SSS_01L-_01-768x1024.jpg\"},{\"@type\":\"BreadcrumbList\",\"@id\":\"https:\\\/\\\/mwgfsurvey.com\\\/cooling-system\\\/#breadcrumb\",\"itemListElement\":[{\"@type\":\"ListItem\",\"position\":1,\"name\":\"Strona g\u0142\u00f3wna\",\"item\":\"https:\\\/\\\/mwgfsurvey.com\\\/\"},{\"@type\":\"ListItem\",\"position\":2,\"name\":\"Uk\u0142ad ch\u0142odz\u0105cy\"}]},{\"@type\":\"WebSite\",\"@id\":\"https:\\\/\\\/mwgfsurvey.com\\\/#website\",\"url\":\"https:\\\/\\\/mwgfsurvey.com\\\/\",\"name\":\"mwgfsurvey\",\"description\":\"\",\"publisher\":{\"@id\":\"https:\\\/\\\/mwgfsurvey.com\\\/#organization\"},\"potentialAction\":[{\"@type\":\"SearchAction\",\"target\":{\"@type\":\"EntryPoint\",\"urlTemplate\":\"https:\\\/\\\/mwgfsurvey.com\\\/?s={search_term_string}\"},\"query-input\":{\"@type\":\"PropertyValueSpecification\",\"valueRequired\":true,\"valueName\":\"search_term_string\"}}],\"inLanguage\":\"en-GB\"},{\"@type\":\"Organization\",\"@id\":\"https:\\\/\\\/mwgfsurvey.com\\\/#organization\",\"name\":\"mwgfsurvey\",\"url\":\"https:\\\/\\\/mwgfsurvey.com\\\/\",\"logo\":{\"@type\":\"ImageObject\",\"inLanguage\":\"en-GB\",\"@id\":\"https:\\\/\\\/mwgfsurvey.com\\\/#\\\/schema\\\/logo\\\/image\\\/\",\"url\":\"https:\\\/\\\/mwgfsurvey.com\\\/wp-content\\\/uploads\\\/2024\\\/08\\\/favicon.png\",\"contentUrl\":\"https:\\\/\\\/mwgfsurvey.com\\\/wp-content\\\/uploads\\\/2024\\\/08\\\/favicon.png\",\"width\":32,\"height\":32,\"caption\":\"mwgfsurvey\"},\"image\":{\"@id\":\"https:\\\/\\\/mwgfsurvey.com\\\/#\\\/schema\\\/logo\\\/image\\\/\"}}]}<\/script>\n<!-- \/ Yoast SEO plugin. -->","yoast_head_json":{"title":"TPU Cooling System for Topside Electronics | MWGF Survey","description":"TPU cooling system protects topside electronics from overheating. Compact and reliable solution for geophysical data acquisition setups.","robots":{"index":"index","follow":"follow","max-snippet":"max-snippet:-1","max-image-preview":"max-image-preview:large","max-video-preview":"max-video-preview:-1"},"canonical":"https:\/\/mwgfsurvey.com\/en\/cooling-system\/","og_locale":"en_GB","og_type":"article","og_title":"TPU Cooling System for Topside Electronics | MWGF Survey","og_description":"TPU cooling system protects topside electronics from overheating. Compact and reliable solution for geophysical data acquisition setups.","og_url":"https:\/\/mwgfsurvey.com\/en\/cooling-system\/","og_site_name":"mwgfsurvey","article_modified_time":"2025-04-04T19:20:05+00:00","og_image":[{"width":1920,"height":2560,"url":"https:\/\/mwgfsurvey.com\/wp-content\/uploads\/2024\/08\/CS_SSS_01L-_01-scaled.jpg","type":"image\/jpeg"}],"twitter_card":"summary_large_image","twitter_misc":{"Estimated reading time":"2 minutes"},"schema":{"@context":"https:\/\/schema.org","@graph":[{"@type":"WebPage","@id":"https:\/\/mwgfsurvey.com\/cooling-system\/","url":"https:\/\/mwgfsurvey.com\/cooling-system\/","name":"TPU Cooling System for Topside Electronics | MWGF Survey","isPartOf":{"@id":"https:\/\/mwgfsurvey.com\/#website"},"primaryImageOfPage":{"@id":"https:\/\/mwgfsurvey.com\/cooling-system\/#primaryimage"},"image":{"@id":"https:\/\/mwgfsurvey.com\/cooling-system\/#primaryimage"},"thumbnailUrl":"https:\/\/mwgfsurvey.com\/wp-content\/uploads\/2024\/08\/CS_SSS_01L-_01-768x1024.jpg","datePublished":"2024-08-04T15:37:58+00:00","dateModified":"2025-04-04T19:20:05+00:00","description":"TPU cooling system protects topside electronics from overheating. Compact and reliable solution for geophysical data acquisition setups.","breadcrumb":{"@id":"https:\/\/mwgfsurvey.com\/cooling-system\/#breadcrumb"},"inLanguage":"en-GB","potentialAction":[{"@type":"ReadAction","target":["https:\/\/mwgfsurvey.com\/cooling-system\/"]}]},{"@type":"ImageObject","inLanguage":"en-GB","@id":"https:\/\/mwgfsurvey.com\/cooling-system\/#primaryimage","url":"https:\/\/mwgfsurvey.com\/wp-content\/uploads\/2024\/08\/CS_SSS_01L-_01-768x1024.jpg","contentUrl":"https:\/\/mwgfsurvey.com\/wp-content\/uploads\/2024\/08\/CS_SSS_01L-_01-768x1024.jpg"},{"@type":"BreadcrumbList","@id":"https:\/\/mwgfsurvey.com\/cooling-system\/#breadcrumb","itemListElement":[{"@type":"ListItem","position":1,"name":"Strona g\u0142\u00f3wna","item":"https:\/\/mwgfsurvey.com\/"},{"@type":"ListItem","position":2,"name":"Uk\u0142ad ch\u0142odz\u0105cy"}]},{"@type":"WebSite","@id":"https:\/\/mwgfsurvey.com\/#website","url":"https:\/\/mwgfsurvey.com\/","name":"mwgfsurvey","description":"","publisher":{"@id":"https:\/\/mwgfsurvey.com\/#organization"},"potentialAction":[{"@type":"SearchAction","target":{"@type":"EntryPoint","urlTemplate":"https:\/\/mwgfsurvey.com\/?s={search_term_string}"},"query-input":{"@type":"PropertyValueSpecification","valueRequired":true,"valueName":"search_term_string"}}],"inLanguage":"en-GB"},{"@type":"Organization","@id":"https:\/\/mwgfsurvey.com\/#organization","name":"mwgfsurvey","url":"https:\/\/mwgfsurvey.com\/","logo":{"@type":"ImageObject","inLanguage":"en-GB","@id":"https:\/\/mwgfsurvey.com\/#\/schema\/logo\/image\/","url":"https:\/\/mwgfsurvey.com\/wp-content\/uploads\/2024\/08\/favicon.png","contentUrl":"https:\/\/mwgfsurvey.com\/wp-content\/uploads\/2024\/08\/favicon.png","width":32,"height":32,"caption":"mwgfsurvey"},"image":{"@id":"https:\/\/mwgfsurvey.com\/#\/schema\/logo\/image\/"}}]}},"_links":{"self":[{"href":"https:\/\/mwgfsurvey.com\/en\/wp-json\/wp\/v2\/pages\/1495","targetHints":{"allow":["GET"]}}],"collection":[{"href":"https:\/\/mwgfsurvey.com\/en\/wp-json\/wp\/v2\/pages"}],"about":[{"href":"https:\/\/mwgfsurvey.com\/en\/wp-json\/wp\/v2\/types\/page"}],"author":[{"embeddable":true,"href":"https:\/\/mwgfsurvey.com\/en\/wp-json\/wp\/v2\/users\/1"}],"replies":[{"embeddable":true,"href":"https:\/\/mwgfsurvey.com\/en\/wp-json\/wp\/v2\/comments?post=1495"}],"version-history":[{"count":40,"href":"https:\/\/mwgfsurvey.com\/en\/wp-json\/wp\/v2\/pages\/1495\/revisions"}],"predecessor-version":[{"id":2245,"href":"https:\/\/mwgfsurvey.com\/en\/wp-json\/wp\/v2\/pages\/1495\/revisions\/2245"}],"wp:attachment":[{"href":"https:\/\/mwgfsurvey.com\/en\/wp-json\/wp\/v2\/media?parent=1495"}],"curies":[{"name":"wp","href":"https:\/\/api.w.org\/{rel}","templated":true}]}}