{"id":1491,"date":"2024-08-04T17:37:58","date_gmt":"2024-08-04T15:37:58","guid":{"rendered":"https:\/\/mwgfsurvey.com\/?page_id=1491"},"modified":"2025-04-04T21:19:30","modified_gmt":"2025-04-04T19:19:30","slug":"underwater-cable-connection-service","status":"publish","type":"page","link":"https:\/\/mwgfsurvey.com\/en\/underwater-cable-connection-service\/","title":{"rendered":"Underwater cable connection service"},"content":{"rendered":"\t\t<div data-elementor-type=\"wp-page\" data-elementor-id=\"1491\" class=\"elementor elementor-1491\" data-elementor-post-type=\"page\">\n\t\t\t\t<div class=\"elementor-element elementor-element-44add50 e-flex e-con-boxed e-con e-parent\" data-id=\"44add50\" data-element_type=\"container\" data-e-type=\"container\">\n\t\t\t\t\t<div class=\"e-con-inner\">\n\t\t<div class=\"elementor-element elementor-element-99198f0 e-con-full e-flex e-con e-child\" data-id=\"99198f0\" data-element_type=\"container\" data-e-type=\"container\">\n\t\t<div class=\"elementor-element elementor-element-5cab4d0 e-flex e-con-boxed e-con e-child\" data-id=\"5cab4d0\" data-element_type=\"container\" data-e-type=\"container\" data-settings=\"{&quot;background_background&quot;:&quot;classic&quot;}\">\n\t\t\t\t\t<div class=\"e-con-inner\">\n\t\t\t\t<div class=\"elementor-element elementor-element-1a79f25 elementor-widget elementor-widget-heading\" data-id=\"1a79f25\" data-element_type=\"widget\" data-e-type=\"widget\" data-widget_type=\"heading.default\">\n\t\t\t\t<div class=\"elementor-widget-container\">\n\t\t\t\t\t<h2 class=\"elementor-heading-title elementor-size-default\">Serwis podwodnych po\u0142\u0105cze\u0144 kablowych<\/h2>\t\t\t\t<\/div>\n\t\t\t\t<\/div>\n\t\t\t\t<div class=\"elementor-element elementor-element-6fb5243 elementor-widget__width-initial elementor-widget elementor-widget-text-editor\" data-id=\"6fb5243\" data-element_type=\"widget\" data-e-type=\"widget\" data-widget_type=\"text-editor.default\">\n\t\t\t\t<div class=\"elementor-widget-container\">\n\t\t\t\t\t\t\t\t\t<div class=\"flex flex-grow flex-col max-w-full\"><div class=\"min-h-[20px] text-message flex flex-col items-start whitespace-pre-wrap break-words [.text-message+&amp;]:mt-5 juice:w-full juice:items-end overflow-x-auto gap-2\" dir=\"auto\" data-message-author-role=\"assistant\" data-message-id=\"1b5e4d92-69d7-4baf-bec3-0a6cecd5d414\"><div class=\"flex w-full flex-col gap-1 juice:empty:hidden juice:first:pt-[3px]\"><div class=\"markdown prose w-full break-words dark:prose-invert dark\"><p>Prawid\u0142owa izolacja elektryczna jest kluczowa dla bezpiecze\u0144stwa i prawid\u0142owego dzia\u0142ania<br \/>urz\u0105dze\u0144 pomiarowych. Wi\u0119kszo\u015b\u0107 z nich u\u017cywa protoko\u0142u <b>PLC <\/b>(<b>P<\/b>ower <b>L<\/b>ine <b>C<\/b>ommunication),<br \/>kt\u00f3ry jest wra\u017cliwy na wszelkie niedoskona\u0142o\u015bci po\u0142\u0105cze\u0144. Warto zaznaczy\u0107, \u017ce podstawowym<br \/>napi\u0119ciem jest 300\/400V dla urz\u0105dze\u0144 holowanych.<\/p><\/div><\/div><\/div><\/div>\t\t\t\t\t\t\t\t<\/div>\n\t\t\t\t<\/div>\n\t\t\t\t<div class=\"elementor-element elementor-element-4669c4d elementor-widget-divider--view-line elementor-widget elementor-widget-divider\" data-id=\"4669c4d\" data-element_type=\"widget\" data-e-type=\"widget\" data-widget_type=\"divider.default\">\n\t\t\t\t<div class=\"elementor-widget-container\">\n\t\t\t\t\t\t\t<div class=\"elementor-divider\">\n\t\t\t<span class=\"elementor-divider-separator\">\n\t\t\t\t\t\t<\/span>\n\t\t<\/div>\n\t\t\t\t\t\t<\/div>\n\t\t\t\t<\/div>\n\t\t\t\t<div class=\"elementor-element elementor-element-cf2894e elementor-widget__width-initial elementor-widget elementor-widget-text-editor\" data-id=\"cf2894e\" data-element_type=\"widget\" data-e-type=\"widget\" data-widget_type=\"text-editor.default\">\n\t\t\t\t<div class=\"elementor-widget-container\">\n\t\t\t\t\t\t\t\t\t<div class=\"flex flex-grow flex-col max-w-full\"><div class=\"min-h-[20px] text-message flex flex-col items-start whitespace-pre-wrap break-words [.text-message+&amp;]:mt-5 juice:w-full juice:items-end overflow-x-auto gap-2\" dir=\"auto\" data-message-author-role=\"assistant\" data-message-id=\"1b5e4d92-69d7-4baf-bec3-0a6cecd5d414\"><div class=\"flex w-full flex-col gap-1 juice:empty:hidden juice:first:pt-[3px]\"><div class=\"markdown prose w-full break-words dark:prose-invert dark\"><p>Z biegiem lat wykonali\u015bmy ju\u017c setki r\u00f3\u017cnych po\u0142\u0105cze\u0144 kablowych, zar\u00f3wno pracuj\u0105cych pod wod\u0105 jak i na powierzchni.\u00a0<span style=\"font-family: inherit; font-size: inherit; font-style: inherit; font-variant-ligatures: inherit; font-variant-caps: inherit; font-weight: inherit; background-color: var( --e-global-color-blocksy_palette_7 ); color: var(--theme-text-color); letter-spacing: var(--theme-letter-spacing); text-transform: var(--theme-text-transform);\">Specjalizujemy si\u0119 zar\u00f3wno w izolacjach twardych (\u017cywice) jak i mi\u0119kkich (kleje\/ta\u015bmy).<\/span><\/p><p>Naprawiamy i wykonujemy kable pomi\u0119dzy urz\u0105dzeniami\u00a0<span style=\"background-color: var( --e-global-color-blocksy_palette_7 ); color: var(--theme-text-color); font-family: inherit; font-size: inherit; font-style: inherit; font-variant-ligatures: inherit; font-variant-caps: inherit; font-weight: inherit; letter-spacing: var(--theme-letter-spacing); text-transform: var(--theme-text-transform);\">podwodnymi\u00a0<\/span><span style=\"font-family: inherit; font-size: inherit; font-style: inherit; font-variant-ligatures: inherit; font-variant-caps: inherit; font-weight: inherit; color: var(--theme-text-color); letter-spacing: var(--theme-letter-spacing); text-transform: var(--theme-text-transform); background-color: var( --e-global-color-blocksy_palette_7 );\">oraz g\u0142\u00f3wne linie\u00a0<\/span><span style=\"font-family: inherit; font-size: inherit; font-style: inherit; font-variant-ligatures: inherit; font-variant-caps: inherit; font-weight: inherit; color: var(--theme-text-color); letter-spacing: var(--theme-letter-spacing); text-transform: var(--theme-text-transform); background-color: var( --e-global-color-blocksy_palette_7 );\">przesy\u0142owe dla sprz\u0119tu holowanego. <\/span>Zajmujemy si\u0119 r\u00f3wnie\u017c diagnostyk\u0105 i testowaniem kabli<\/p><\/div><\/div><\/div><\/div>\t\t\t\t\t\t\t\t<\/div>\n\t\t\t\t<\/div>\n\t\t\t\t<div class=\"elementor-element elementor-element-6e558fc elementor-widget elementor-widget-gallery\" data-id=\"6e558fc\" data-element_type=\"widget\" data-e-type=\"widget\" data-settings=\"{&quot;columns&quot;:5,&quot;aspect_ratio&quot;:&quot;9:16&quot;,&quot;lazyload&quot;:&quot;yes&quot;,&quot;gallery_layout&quot;:&quot;grid&quot;,&quot;columns_tablet&quot;:2,&quot;columns_mobile&quot;:1,&quot;gap&quot;:{&quot;unit&quot;:&quot;px&quot;,&quot;size&quot;:10,&quot;sizes&quot;:[]},&quot;gap_tablet&quot;:{&quot;unit&quot;:&quot;px&quot;,&quot;size&quot;:10,&quot;sizes&quot;:[]},&quot;gap_mobile&quot;:{&quot;unit&quot;:&quot;px&quot;,&quot;size&quot;:10,&quot;sizes&quot;:[]},&quot;link_to&quot;:&quot;file&quot;,&quot;overlay_background&quot;:&quot;yes&quot;,&quot;content_hover_animation&quot;:&quot;fade-in&quot;}\" data-widget_type=\"gallery.default\">\n\t\t\t\t<div class=\"elementor-widget-container\">\n\t\t\t\t\t\t\t<div class=\"elementor-gallery__container\">\n\t\t\t\t\t\t\t<a class=\"e-gallery-item elementor-gallery-item elementor-animated-content\" href=\"https:\/\/mwgfsurvey.com\/wp-content\/uploads\/2024\/08\/cable_03-min.jpg\" data-elementor-open-lightbox=\"yes\" data-elementor-lightbox-slideshow=\"6e558fc\" data-elementor-lightbox-title=\"cable_03-min\" data-e-action-hash=\"#elementor-action%3Aaction%3Dlightbox%26settings%3DeyJpZCI6MTY4MiwidXJsIjoiaHR0cHM6XC9cL213Z2ZzdXJ2ZXkuY29tXC93cC1jb250ZW50XC91cGxvYWRzXC8yMDI0XC8wOFwvY2FibGVfMDMtbWluLmpwZyIsInNsaWRlc2hvdyI6IjZlNTU4ZmMifQ%3D%3D\">\n\t\t\t\t\t<div class=\"e-gallery-image elementor-gallery-item__image\" data-thumbnail=\"https:\/\/mwgfsurvey.com\/wp-content\/uploads\/2024\/08\/cable_03-min.jpg\" data-width=\"8000\" data-height=\"6000\" aria-label=\"completed deck cable with sealed connector\" role=\"img\" ><\/div>\n\t\t\t\t\t\t\t\t\t\t\t<div class=\"elementor-gallery-item__overlay\"><\/div>\n\t\t\t\t\t\t\t\t\t\t\t\t\t\t<\/a>\n\t\t\t\t\t\t\t<a class=\"e-gallery-item elementor-gallery-item elementor-animated-content\" href=\"https:\/\/mwgfsurvey.com\/wp-content\/uploads\/2024\/08\/cable_04-min-scaled.jpg\" data-elementor-open-lightbox=\"yes\" data-elementor-lightbox-slideshow=\"6e558fc\" data-elementor-lightbox-title=\"cable_04-min\" data-e-action-hash=\"#elementor-action%3Aaction%3Dlightbox%26settings%3DeyJpZCI6MTY4MywidXJsIjoiaHR0cHM6XC9cL213Z2ZzdXJ2ZXkuY29tXC93cC1jb250ZW50XC91cGxvYWRzXC8yMDI0XC8wOFwvY2FibGVfMDQtbWluLXNjYWxlZC5qcGciLCJzbGlkZXNob3ciOiI2ZTU1OGZjIn0%3D\">\n\t\t\t\t\t<div class=\"e-gallery-image elementor-gallery-item__image\" data-thumbnail=\"https:\/\/mwgfsurvey.com\/wp-content\/uploads\/2024\/08\/cable_04-min-scaled.jpg\" data-width=\"2560\" data-height=\"1920\" aria-label=\"offshore magnetometer cable repairing\" role=\"img\" ><\/div>\n\t\t\t\t\t\t\t\t\t\t\t<div class=\"elementor-gallery-item__overlay\"><\/div>\n\t\t\t\t\t\t\t\t\t\t\t\t\t\t<\/a>\n\t\t\t\t\t\t\t<a class=\"e-gallery-item elementor-gallery-item elementor-animated-content\" href=\"https:\/\/mwgfsurvey.com\/wp-content\/uploads\/2024\/08\/cable_05-min-scaled.jpg\" data-elementor-open-lightbox=\"yes\" data-elementor-lightbox-slideshow=\"6e558fc\" data-elementor-lightbox-title=\"cable_05-min\" data-e-action-hash=\"#elementor-action%3Aaction%3Dlightbox%26settings%3DeyJpZCI6MTY4NCwidXJsIjoiaHR0cHM6XC9cL213Z2ZzdXJ2ZXkuY29tXC93cC1jb250ZW50XC91cGxvYWRzXC8yMDI0XC8wOFwvY2FibGVfMDUtbWluLXNjYWxlZC5qcGciLCJzbGlkZXNob3ciOiI2ZTU1OGZjIn0%3D\">\n\t\t\t\t\t<div class=\"e-gallery-image elementor-gallery-item__image\" data-thumbnail=\"https:\/\/mwgfsurvey.com\/wp-content\/uploads\/2024\/08\/cable_05-min-scaled.jpg\" data-width=\"1920\" data-height=\"2560\" aria-label=\"Underwater cable connection service \u2013 insulation resistance test on subsea splice\" role=\"img\" ><\/div>\n\t\t\t\t\t\t\t\t\t\t\t<div class=\"elementor-gallery-item__overlay\"><\/div>\n\t\t\t\t\t\t\t\t\t\t\t\t\t\t<\/a>\n\t\t\t\t\t\t\t<a class=\"e-gallery-item elementor-gallery-item elementor-animated-content\" href=\"https:\/\/mwgfsurvey.com\/wp-content\/uploads\/2024\/08\/cable_02-min-scaled.jpg\" data-elementor-open-lightbox=\"yes\" data-elementor-lightbox-slideshow=\"6e558fc\" data-elementor-lightbox-title=\"cable_02-min\" data-e-action-hash=\"#elementor-action%3Aaction%3Dlightbox%26settings%3DeyJpZCI6MTY4MSwidXJsIjoiaHR0cHM6XC9cL213Z2ZzdXJ2ZXkuY29tXC93cC1jb250ZW50XC91cGxvYWRzXC8yMDI0XC8wOFwvY2FibGVfMDItbWluLXNjYWxlZC5qcGciLCJzbGlkZXNob3ciOiI2ZTU1OGZjIn0%3D\">\n\t\t\t\t\t<div class=\"e-gallery-image elementor-gallery-item__image\" data-thumbnail=\"https:\/\/mwgfsurvey.com\/wp-content\/uploads\/2024\/08\/cable_02-min-scaled.jpg\" data-width=\"2560\" data-height=\"1920\" aria-label=\"temporary waterproof insulation applied in field conditions\" role=\"img\" ><\/div>\n\t\t\t\t\t\t\t\t\t\t\t<div class=\"elementor-gallery-item__overlay\"><\/div>\n\t\t\t\t\t\t\t\t\t\t\t\t\t\t<\/a>\n\t\t\t\t\t\t\t<a class=\"e-gallery-item elementor-gallery-item elementor-animated-content\" href=\"https:\/\/mwgfsurvey.com\/wp-content\/uploads\/2024\/08\/cable_01-min-scaled.jpg\" data-elementor-open-lightbox=\"yes\" data-elementor-lightbox-slideshow=\"6e558fc\" data-elementor-lightbox-title=\"cable_01-min\" data-e-action-hash=\"#elementor-action%3Aaction%3Dlightbox%26settings%3DeyJpZCI6MTY4MCwidXJsIjoiaHR0cHM6XC9cL213Z2ZzdXJ2ZXkuY29tXC93cC1jb250ZW50XC91cGxvYWRzXC8yMDI0XC8wOFwvY2FibGVfMDEtbWluLXNjYWxlZC5qcGciLCJzbGlkZXNob3ciOiI2ZTU1OGZjIn0%3D\">\n\t\t\t\t\t<div class=\"e-gallery-image elementor-gallery-item__image\" data-thumbnail=\"https:\/\/mwgfsurvey.com\/wp-content\/uploads\/2024\/08\/cable_01-min-scaled.jpg\" data-width=\"1920\" data-height=\"2560\" aria-label=\"Underwater cable connection service \u2013 technician splicing marine cables on vessel deck\u200b\" role=\"img\" ><\/div>\n\t\t\t\t\t\t\t\t\t\t\t<div class=\"elementor-gallery-item__overlay\"><\/div>\n\t\t\t\t\t\t\t\t\t\t\t\t\t\t<\/a>\n\t\t\t\t\t<\/div>\n\t\t\t\t\t<\/div>\n\t\t\t\t<\/div>\n\t\t\t\t\t<\/div>\n\t\t\t\t<\/div>\n\t\t\t\t<\/div>\n\t\t\t\t\t<\/div>\n\t\t\t\t<\/div>\n\t\t\t\t<\/div>\n\t\t","protected":false},"excerpt":{"rendered":"<p>Serwis podwodnych po\u0142\u0105cze\u0144 kablowych Prawid\u0142owa izolacja elektryczna jest kluczowa dla bezpiecze\u0144stwa i prawid\u0142owego dzia\u0142aniaurz\u0105dze\u0144 pomiarowych. Wi\u0119kszo\u015b\u0107 z nich u\u017cywa protoko\u0142u PLC (Power Line Communication),kt\u00f3ry jest wra\u017cliwy na wszelkie niedoskona\u0142o\u015bci po\u0142\u0105cze\u0144. Warto zaznaczy\u0107, \u017ce podstawowymnapi\u0119ciem jest 300\/400V dla urz\u0105dze\u0144 holowanych. Z biegiem lat wykonali\u015bmy ju\u017c setki r\u00f3\u017cnych po\u0142\u0105cze\u0144 kablowych, zar\u00f3wno pracuj\u0105cych pod wod\u0105 jak i na [&hellip;]<\/p>\n","protected":false},"author":1,"featured_media":0,"parent":0,"menu_order":0,"comment_status":"closed","ping_status":"closed","template":"","meta":{"footnotes":""},"class_list":["post-1491","page","type-page","status-publish","hentry"],"blocksy_meta":[],"yoast_head":"<!-- This site is optimized with the Yoast SEO plugin v27.4 - https:\/\/yoast.com\/product\/yoast-seo-wordpress\/ -->\n<title>Underwater Cable Connection Service | MWGF Survey<\/title>\n<meta name=\"description\" content=\"MWGF Survey offers underwater cable connection service for offshore projects. Waterproof splicing and reliable field jointing.\" \/>\n<meta name=\"robots\" content=\"index, follow, max-snippet:-1, max-image-preview:large, max-video-preview:-1\" \/>\n<link rel=\"canonical\" href=\"https:\/\/mwgfsurvey.com\/en\/underwater-cable-connection-service\/\" \/>\n<meta property=\"og:locale\" content=\"en_GB\" \/>\n<meta property=\"og:type\" content=\"article\" \/>\n<meta property=\"og:title\" content=\"Underwater Cable Connection Service | MWGF Survey\" \/>\n<meta property=\"og:description\" content=\"MWGF Survey offers underwater cable connection service for offshore projects. Waterproof splicing and reliable field jointing.\" \/>\n<meta property=\"og:url\" content=\"https:\/\/mwgfsurvey.com\/en\/underwater-cable-connection-service\/\" \/>\n<meta property=\"og:site_name\" content=\"mwgfsurvey\" \/>\n<meta property=\"article:modified_time\" content=\"2025-04-04T19:19:30+00:00\" \/>\n<meta name=\"twitter:card\" content=\"summary_large_image\" \/>\n<meta name=\"twitter:label1\" content=\"Estimated reading time\" \/>\n\t<meta name=\"twitter:data1\" content=\"1 minute\" \/>\n<script type=\"application\/ld+json\" class=\"yoast-schema-graph\">{\"@context\":\"https:\\\/\\\/schema.org\",\"@graph\":[{\"@type\":\"WebPage\",\"@id\":\"https:\\\/\\\/mwgfsurvey.com\\\/underwater-cable-connection-service\\\/\",\"url\":\"https:\\\/\\\/mwgfsurvey.com\\\/underwater-cable-connection-service\\\/\",\"name\":\"Underwater Cable Connection Service | MWGF Survey\",\"isPartOf\":{\"@id\":\"https:\\\/\\\/mwgfsurvey.com\\\/#website\"},\"datePublished\":\"2024-08-04T15:37:58+00:00\",\"dateModified\":\"2025-04-04T19:19:30+00:00\",\"description\":\"MWGF Survey offers underwater cable connection service for offshore projects. Waterproof splicing and reliable field jointing.\",\"breadcrumb\":{\"@id\":\"https:\\\/\\\/mwgfsurvey.com\\\/underwater-cable-connection-service\\\/#breadcrumb\"},\"inLanguage\":\"en-GB\",\"potentialAction\":[{\"@type\":\"ReadAction\",\"target\":[\"https:\\\/\\\/mwgfsurvey.com\\\/underwater-cable-connection-service\\\/\"]}]},{\"@type\":\"BreadcrumbList\",\"@id\":\"https:\\\/\\\/mwgfsurvey.com\\\/underwater-cable-connection-service\\\/#breadcrumb\",\"itemListElement\":[{\"@type\":\"ListItem\",\"position\":1,\"name\":\"Strona g\u0142\u00f3wna\",\"item\":\"https:\\\/\\\/mwgfsurvey.com\\\/\"},{\"@type\":\"ListItem\",\"position\":2,\"name\":\"Serwis podwodnych po\u0142\u0105cze\u0144 kablowych\"}]},{\"@type\":\"WebSite\",\"@id\":\"https:\\\/\\\/mwgfsurvey.com\\\/#website\",\"url\":\"https:\\\/\\\/mwgfsurvey.com\\\/\",\"name\":\"mwgfsurvey\",\"description\":\"\",\"publisher\":{\"@id\":\"https:\\\/\\\/mwgfsurvey.com\\\/#organization\"},\"potentialAction\":[{\"@type\":\"SearchAction\",\"target\":{\"@type\":\"EntryPoint\",\"urlTemplate\":\"https:\\\/\\\/mwgfsurvey.com\\\/?s={search_term_string}\"},\"query-input\":{\"@type\":\"PropertyValueSpecification\",\"valueRequired\":true,\"valueName\":\"search_term_string\"}}],\"inLanguage\":\"en-GB\"},{\"@type\":\"Organization\",\"@id\":\"https:\\\/\\\/mwgfsurvey.com\\\/#organization\",\"name\":\"mwgfsurvey\",\"url\":\"https:\\\/\\\/mwgfsurvey.com\\\/\",\"logo\":{\"@type\":\"ImageObject\",\"inLanguage\":\"en-GB\",\"@id\":\"https:\\\/\\\/mwgfsurvey.com\\\/#\\\/schema\\\/logo\\\/image\\\/\",\"url\":\"https:\\\/\\\/mwgfsurvey.com\\\/wp-content\\\/uploads\\\/2024\\\/08\\\/favicon.png\",\"contentUrl\":\"https:\\\/\\\/mwgfsurvey.com\\\/wp-content\\\/uploads\\\/2024\\\/08\\\/favicon.png\",\"width\":32,\"height\":32,\"caption\":\"mwgfsurvey\"},\"image\":{\"@id\":\"https:\\\/\\\/mwgfsurvey.com\\\/#\\\/schema\\\/logo\\\/image\\\/\"}}]}<\/script>\n<!-- \/ Yoast SEO plugin. -->","yoast_head_json":{"title":"Underwater Cable Connection Service | MWGF Survey","description":"MWGF Survey offers underwater cable connection service for offshore projects. Waterproof splicing and reliable field jointing.","robots":{"index":"index","follow":"follow","max-snippet":"max-snippet:-1","max-image-preview":"max-image-preview:large","max-video-preview":"max-video-preview:-1"},"canonical":"https:\/\/mwgfsurvey.com\/en\/underwater-cable-connection-service\/","og_locale":"en_GB","og_type":"article","og_title":"Underwater Cable Connection Service | MWGF Survey","og_description":"MWGF Survey offers underwater cable connection service for offshore projects. Waterproof splicing and reliable field jointing.","og_url":"https:\/\/mwgfsurvey.com\/en\/underwater-cable-connection-service\/","og_site_name":"mwgfsurvey","article_modified_time":"2025-04-04T19:19:30+00:00","twitter_card":"summary_large_image","twitter_misc":{"Estimated reading time":"1 minute"},"schema":{"@context":"https:\/\/schema.org","@graph":[{"@type":"WebPage","@id":"https:\/\/mwgfsurvey.com\/underwater-cable-connection-service\/","url":"https:\/\/mwgfsurvey.com\/underwater-cable-connection-service\/","name":"Underwater Cable Connection Service | MWGF Survey","isPartOf":{"@id":"https:\/\/mwgfsurvey.com\/#website"},"datePublished":"2024-08-04T15:37:58+00:00","dateModified":"2025-04-04T19:19:30+00:00","description":"MWGF Survey offers underwater cable connection service for offshore projects. Waterproof splicing and reliable field jointing.","breadcrumb":{"@id":"https:\/\/mwgfsurvey.com\/underwater-cable-connection-service\/#breadcrumb"},"inLanguage":"en-GB","potentialAction":[{"@type":"ReadAction","target":["https:\/\/mwgfsurvey.com\/underwater-cable-connection-service\/"]}]},{"@type":"BreadcrumbList","@id":"https:\/\/mwgfsurvey.com\/underwater-cable-connection-service\/#breadcrumb","itemListElement":[{"@type":"ListItem","position":1,"name":"Strona g\u0142\u00f3wna","item":"https:\/\/mwgfsurvey.com\/"},{"@type":"ListItem","position":2,"name":"Serwis podwodnych po\u0142\u0105cze\u0144 kablowych"}]},{"@type":"WebSite","@id":"https:\/\/mwgfsurvey.com\/#website","url":"https:\/\/mwgfsurvey.com\/","name":"mwgfsurvey","description":"","publisher":{"@id":"https:\/\/mwgfsurvey.com\/#organization"},"potentialAction":[{"@type":"SearchAction","target":{"@type":"EntryPoint","urlTemplate":"https:\/\/mwgfsurvey.com\/?s={search_term_string}"},"query-input":{"@type":"PropertyValueSpecification","valueRequired":true,"valueName":"search_term_string"}}],"inLanguage":"en-GB"},{"@type":"Organization","@id":"https:\/\/mwgfsurvey.com\/#organization","name":"mwgfsurvey","url":"https:\/\/mwgfsurvey.com\/","logo":{"@type":"ImageObject","inLanguage":"en-GB","@id":"https:\/\/mwgfsurvey.com\/#\/schema\/logo\/image\/","url":"https:\/\/mwgfsurvey.com\/wp-content\/uploads\/2024\/08\/favicon.png","contentUrl":"https:\/\/mwgfsurvey.com\/wp-content\/uploads\/2024\/08\/favicon.png","width":32,"height":32,"caption":"mwgfsurvey"},"image":{"@id":"https:\/\/mwgfsurvey.com\/#\/schema\/logo\/image\/"}}]}},"_links":{"self":[{"href":"https:\/\/mwgfsurvey.com\/en\/wp-json\/wp\/v2\/pages\/1491","targetHints":{"allow":["GET"]}}],"collection":[{"href":"https:\/\/mwgfsurvey.com\/en\/wp-json\/wp\/v2\/pages"}],"about":[{"href":"https:\/\/mwgfsurvey.com\/en\/wp-json\/wp\/v2\/types\/page"}],"author":[{"embeddable":true,"href":"https:\/\/mwgfsurvey.com\/en\/wp-json\/wp\/v2\/users\/1"}],"replies":[{"embeddable":true,"href":"https:\/\/mwgfsurvey.com\/en\/wp-json\/wp\/v2\/comments?post=1491"}],"version-history":[{"count":25,"href":"https:\/\/mwgfsurvey.com\/en\/wp-json\/wp\/v2\/pages\/1491\/revisions"}],"predecessor-version":[{"id":2239,"href":"https:\/\/mwgfsurvey.com\/en\/wp-json\/wp\/v2\/pages\/1491\/revisions\/2239"}],"wp:attachment":[{"href":"https:\/\/mwgfsurvey.com\/en\/wp-json\/wp\/v2\/media?parent=1491"}],"curies":[{"name":"wp","href":"https:\/\/api.w.org\/{rel}","templated":true}]}}