{"id":1490,"date":"2024-08-04T17:37:58","date_gmt":"2024-08-04T15:37:58","guid":{"rendered":"https:\/\/mwgfsurvey.com\/?page_id=1490"},"modified":"2025-04-04T21:16:20","modified_gmt":"2025-04-04T19:16:20","slug":"termination-service","status":"publish","type":"page","link":"https:\/\/mwgfsurvey.com\/en\/termination-service\/","title":{"rendered":"Termination service"},"content":{"rendered":"\t\t<div data-elementor-type=\"wp-page\" data-elementor-id=\"1490\" class=\"elementor elementor-1490\" data-elementor-post-type=\"page\">\n\t\t\t\t<div class=\"elementor-element elementor-element-e98e1b1 e-flex e-con-boxed e-con e-parent\" data-id=\"e98e1b1\" data-element_type=\"container\" data-e-type=\"container\">\n\t\t\t\t\t<div class=\"e-con-inner\">\n\t\t<div class=\"elementor-element elementor-element-1c5465b e-con-full e-flex e-con e-child\" data-id=\"1c5465b\" data-element_type=\"container\" data-e-type=\"container\">\n\t\t<div class=\"elementor-element elementor-element-12b8bc4 e-con-full e-flex e-con e-child\" data-id=\"12b8bc4\" data-element_type=\"container\" data-e-type=\"container\">\n\t\t<div class=\"elementor-element elementor-element-c431f59 e-flex e-con-boxed e-con e-child\" data-id=\"c431f59\" data-element_type=\"container\" data-e-type=\"container\" data-settings=\"{&quot;background_background&quot;:&quot;classic&quot;}\">\n\t\t\t\t\t<div class=\"e-con-inner\">\n\t\t\t\t<div class=\"elementor-element elementor-element-ae146f6 elementor-widget elementor-widget-heading\" data-id=\"ae146f6\" data-element_type=\"widget\" data-e-type=\"widget\" data-widget_type=\"heading.default\">\n\t\t\t\t<div class=\"elementor-widget-container\">\n\t\t\t\t\t<h2 class=\"elementor-heading-title elementor-size-default\">Serwis terminacji<\/h2>\t\t\t\t<\/div>\n\t\t\t\t<\/div>\n\t\t\t\t<div class=\"elementor-element elementor-element-4b5ed67 elementor-widget__width-initial elementor-widget elementor-widget-text-editor\" data-id=\"4b5ed67\" data-element_type=\"widget\" data-e-type=\"widget\" data-widget_type=\"text-editor.default\">\n\t\t\t\t<div class=\"elementor-widget-container\">\n\t\t\t\t\t\t\t\t\t<div class=\"flex flex-grow flex-col max-w-full\"><div class=\"min-h-[20px] text-message flex flex-col items-start whitespace-pre-wrap break-words [.text-message+&amp;]:mt-5 juice:w-full juice:items-end overflow-x-auto gap-2\" dir=\"auto\" data-message-author-role=\"assistant\" data-message-id=\"1b5e4d92-69d7-4baf-bec3-0a6cecd5d414\"><div class=\"flex w-full flex-col gap-1 juice:empty:hidden juice:first:pt-[3px]\"><div class=\"markdown prose w-full break-words dark:prose-invert dark\"><p>Zako\u0144czenia kablolin do sprz\u0119tu holowanego, niezale\u017cnie czy jest to pasywne <b>TV<\/b> (<b>T<\/b>owing <b>V<\/b>ehicle) czy\u00a0<b>ROTV<\/b> (<b>R<\/b>emote\u00a0<b>O<\/b>perating\u00a0<b>T<\/b>owing <b>V<\/b>ehicle) jest nara\u017cony na ci\u0105g\u0142e drgania, przeci\u0105\u017cenia i korozyjne dzia\u0142anie s\u0142onej wody morskiej.<\/p><p>Dzi\u0119ki prawid\u0142owej wymianie terminacji, mo\u017cna znacz\u0105co zwi\u0119kszy\u0107 bezpiecze\u0144stwo sprz\u0119tu \u2013 ryzyko urwania punktu holowania.<br \/>Zajmujemy si\u0119 wymian\u0105 terminacji w obr\u0119bie wiod\u0105cych rozwi\u0105za\u0144 na rynku, jak r\u00f3wnie\u017c ich odzyskiwaniem \u2013 przygotowaniem do ponownego wykorzystania.<\/p><p>Oferujemy r\u00f3wnie\u017c w\u0142asne rozwi\u0105zania w tym zakresie, poparte wieloletnim do\u015bwiadczeniem, kt\u00f3re s\u0105 du\u017co ta\u0144sze, lecz r\u00f3wnie bezpieczne i stabilne jak gotowe produkty.<br \/><br \/>Ka\u017cdy przypadek analizujemy indywidualnie, doradzaj\u0105c najlepsze rozwi\u0105zanie.<\/p><\/div><\/div><\/div><\/div>\t\t\t\t\t\t\t\t<\/div>\n\t\t\t\t<\/div>\n\t\t\t\t<div class=\"elementor-element elementor-element-b752963 elementor-widget elementor-widget-gallery\" data-id=\"b752963\" data-element_type=\"widget\" data-e-type=\"widget\" data-settings=\"{&quot;columns&quot;:5,&quot;aspect_ratio&quot;:&quot;1:1&quot;,&quot;lazyload&quot;:&quot;yes&quot;,&quot;gallery_layout&quot;:&quot;grid&quot;,&quot;columns_tablet&quot;:2,&quot;columns_mobile&quot;:1,&quot;gap&quot;:{&quot;unit&quot;:&quot;px&quot;,&quot;size&quot;:10,&quot;sizes&quot;:[]},&quot;gap_tablet&quot;:{&quot;unit&quot;:&quot;px&quot;,&quot;size&quot;:10,&quot;sizes&quot;:[]},&quot;gap_mobile&quot;:{&quot;unit&quot;:&quot;px&quot;,&quot;size&quot;:10,&quot;sizes&quot;:[]},&quot;link_to&quot;:&quot;file&quot;,&quot;overlay_background&quot;:&quot;yes&quot;,&quot;content_hover_animation&quot;:&quot;fade-in&quot;}\" data-widget_type=\"gallery.default\">\n\t\t\t\t<div class=\"elementor-widget-container\">\n\t\t\t\t\t\t\t<div class=\"elementor-gallery__container\">\n\t\t\t\t\t\t\t<a class=\"e-gallery-item elementor-gallery-item elementor-animated-content\" href=\"https:\/\/mwgfsurvey.com\/wp-content\/uploads\/2024\/08\/termination_05-min.jpg\" data-elementor-open-lightbox=\"yes\" data-elementor-lightbox-slideshow=\"b752963\" data-elementor-lightbox-title=\"termination_05-min\" data-e-action-hash=\"#elementor-action%3Aaction%3Dlightbox%26settings%3DeyJpZCI6MTY5OCwidXJsIjoiaHR0cHM6XC9cL213Z2ZzdXJ2ZXkuY29tXC93cC1jb250ZW50XC91cGxvYWRzXC8yMDI0XC8wOFwvdGVybWluYXRpb25fMDUtbWluLmpwZyIsInNsaWRlc2hvdyI6ImI3NTI5NjMifQ%3D%3D\">\n\t\t\t\t\t<div class=\"e-gallery-image elementor-gallery-item__image\" data-thumbnail=\"https:\/\/mwgfsurvey.com\/wp-content\/uploads\/2024\/08\/termination_05-min.jpg\" data-width=\"8000\" data-height=\"6000\" aria-label=\"Cable termination diagnostic\" role=\"img\" ><\/div>\n\t\t\t\t\t\t\t\t\t\t\t<div class=\"elementor-gallery-item__overlay\"><\/div>\n\t\t\t\t\t\t\t\t\t\t\t\t\t\t<\/a>\n\t\t\t\t\t\t\t<a class=\"e-gallery-item elementor-gallery-item elementor-animated-content\" href=\"https:\/\/mwgfsurvey.com\/wp-content\/uploads\/2024\/08\/termination_04-min-scaled.jpg\" data-elementor-open-lightbox=\"yes\" data-elementor-lightbox-slideshow=\"b752963\" data-elementor-lightbox-title=\"termination_04-min\" data-e-action-hash=\"#elementor-action%3Aaction%3Dlightbox%26settings%3DeyJpZCI6MTY5NywidXJsIjoiaHR0cHM6XC9cL213Z2ZzdXJ2ZXkuY29tXC93cC1jb250ZW50XC91cGxvYWRzXC8yMDI0XC8wOFwvdGVybWluYXRpb25fMDQtbWluLXNjYWxlZC5qcGciLCJzbGlkZXNob3ciOiJiNzUyOTYzIn0%3D\">\n\t\t\t\t\t<div class=\"e-gallery-image elementor-gallery-item__image\" data-thumbnail=\"https:\/\/mwgfsurvey.com\/wp-content\/uploads\/2024\/08\/termination_04-min-scaled.jpg\" data-width=\"2560\" data-height=\"1920\" aria-label=\"cable termination service \u2013 recovering and cleaning old cable termination\" role=\"img\" ><\/div>\n\t\t\t\t\t\t\t\t\t\t\t<div class=\"elementor-gallery-item__overlay\"><\/div>\n\t\t\t\t\t\t\t\t\t\t\t\t\t\t<\/a>\n\t\t\t\t\t\t\t<a class=\"e-gallery-item elementor-gallery-item elementor-animated-content\" href=\"https:\/\/mwgfsurvey.com\/wp-content\/uploads\/2024\/08\/termination_03-min-scaled.jpg\" data-elementor-open-lightbox=\"yes\" data-elementor-lightbox-slideshow=\"b752963\" data-elementor-lightbox-title=\"termination_03-min\" data-e-action-hash=\"#elementor-action%3Aaction%3Dlightbox%26settings%3DeyJpZCI6MTY5NiwidXJsIjoiaHR0cHM6XC9cL213Z2ZzdXJ2ZXkuY29tXC93cC1jb250ZW50XC91cGxvYWRzXC8yMDI0XC8wOFwvdGVybWluYXRpb25fMDMtbWluLXNjYWxlZC5qcGciLCJzbGlkZXNob3ciOiJiNzUyOTYzIn0%3D\">\n\t\t\t\t\t<div class=\"e-gallery-image elementor-gallery-item__image\" data-thumbnail=\"https:\/\/mwgfsurvey.com\/wp-content\/uploads\/2024\/08\/termination_03-min-scaled.jpg\" data-width=\"2560\" data-height=\"1641\" aria-label=\"Cable termination repairing\" role=\"img\" ><\/div>\n\t\t\t\t\t\t\t\t\t\t\t<div class=\"elementor-gallery-item__overlay\"><\/div>\n\t\t\t\t\t\t\t\t\t\t\t\t\t\t<\/a>\n\t\t\t\t\t\t\t<a class=\"e-gallery-item elementor-gallery-item elementor-animated-content\" href=\"https:\/\/mwgfsurvey.com\/wp-content\/uploads\/2024\/08\/termination_02-min-scaled.jpg\" data-elementor-open-lightbox=\"yes\" data-elementor-lightbox-slideshow=\"b752963\" data-elementor-lightbox-title=\"termination_02-min\" data-e-action-hash=\"#elementor-action%3Aaction%3Dlightbox%26settings%3DeyJpZCI6MTY5NSwidXJsIjoiaHR0cHM6XC9cL213Z2ZzdXJ2ZXkuY29tXC93cC1jb250ZW50XC91cGxvYWRzXC8yMDI0XC8wOFwvdGVybWluYXRpb25fMDItbWluLXNjYWxlZC5qcGciLCJzbGlkZXNob3ciOiJiNzUyOTYzIn0%3D\">\n\t\t\t\t\t<div class=\"e-gallery-image elementor-gallery-item__image\" data-thumbnail=\"https:\/\/mwgfsurvey.com\/wp-content\/uploads\/2024\/08\/termination_02-min-scaled.jpg\" data-width=\"2560\" data-height=\"1920\" aria-label=\"Cable termination service \u2013 securing offshore cable with Chinese fingers grip\" role=\"img\" ><\/div>\n\t\t\t\t\t\t\t\t\t\t\t<div class=\"elementor-gallery-item__overlay\"><\/div>\n\t\t\t\t\t\t\t\t\t\t\t\t\t\t<\/a>\n\t\t\t\t\t\t\t<a class=\"e-gallery-item elementor-gallery-item elementor-animated-content\" href=\"https:\/\/mwgfsurvey.com\/wp-content\/uploads\/2024\/08\/termination_01-min-scaled.jpg\" data-elementor-open-lightbox=\"yes\" data-elementor-lightbox-slideshow=\"b752963\" data-elementor-lightbox-title=\"termination_01-min\" data-e-action-hash=\"#elementor-action%3Aaction%3Dlightbox%26settings%3DeyJpZCI6MTY5NCwidXJsIjoiaHR0cHM6XC9cL213Z2ZzdXJ2ZXkuY29tXC93cC1jb250ZW50XC91cGxvYWRzXC8yMDI0XC8wOFwvdGVybWluYXRpb25fMDEtbWluLXNjYWxlZC5qcGciLCJzbGlkZXNob3ciOiJiNzUyOTYzIn0%3D\">\n\t\t\t\t\t<div class=\"e-gallery-image elementor-gallery-item__image\" data-thumbnail=\"https:\/\/mwgfsurvey.com\/wp-content\/uploads\/2024\/08\/termination_01-min-scaled.jpg\" data-width=\"1920\" data-height=\"2560\" aria-label=\"recovered and cleaned terminations prepared for reuse\" role=\"img\" ><\/div>\n\t\t\t\t\t\t\t\t\t\t\t<div class=\"elementor-gallery-item__overlay\"><\/div>\n\t\t\t\t\t\t\t\t\t\t\t\t\t\t<\/a>\n\t\t\t\t\t<\/div>\n\t\t\t\t\t<\/div>\n\t\t\t\t<\/div>\n\t\t\t\t\t<\/div>\n\t\t\t\t<\/div>\n\t\t\t\t<\/div>\n\t\t\t\t<\/div>\n\t\t\t\t\t<\/div>\n\t\t\t\t<\/div>\n\t\t\t\t<\/div>\n\t\t","protected":false},"excerpt":{"rendered":"<p>Serwis terminacji Zako\u0144czenia kablolin do sprz\u0119tu holowanego, niezale\u017cnie czy jest to pasywne TV (Towing Vehicle) czy\u00a0ROTV (Remote\u00a0Operating\u00a0Towing Vehicle) jest nara\u017cony na ci\u0105g\u0142e drgania, przeci\u0105\u017cenia i korozyjne dzia\u0142anie s\u0142onej wody morskiej. Dzi\u0119ki prawid\u0142owej wymianie terminacji, mo\u017cna znacz\u0105co zwi\u0119kszy\u0107 bezpiecze\u0144stwo sprz\u0119tu \u2013 ryzyko urwania punktu holowania.Zajmujemy si\u0119 wymian\u0105 terminacji w obr\u0119bie wiod\u0105cych rozwi\u0105za\u0144 na rynku, jak r\u00f3wnie\u017c [&hellip;]<\/p>\n","protected":false},"author":1,"featured_media":0,"parent":0,"menu_order":0,"comment_status":"closed","ping_status":"closed","template":"","meta":{"footnotes":""},"class_list":["post-1490","page","type-page","status-publish","hentry"],"blocksy_meta":[],"yoast_head":"<!-- This site is optimized with the Yoast SEO plugin v27.4 - https:\/\/yoast.com\/product\/yoast-seo-wordpress\/ -->\n<title>Cable Termination Service | Offshore Equipment | MWGF Survey<\/title>\n<meta name=\"description\" content=\"MWGF Survey provides cable termination service for offshore equipment. Durable sealing, strain relief, and waterproofing for towed systems.\" \/>\n<meta name=\"robots\" content=\"index, follow, max-snippet:-1, max-image-preview:large, max-video-preview:-1\" \/>\n<link rel=\"canonical\" href=\"https:\/\/mwgfsurvey.com\/en\/termination-service\/\" \/>\n<meta property=\"og:locale\" content=\"en_GB\" \/>\n<meta property=\"og:type\" content=\"article\" \/>\n<meta property=\"og:title\" content=\"Cable Termination Service | Offshore Equipment | MWGF Survey\" \/>\n<meta property=\"og:description\" content=\"MWGF Survey provides cable termination service for offshore equipment. Durable sealing, strain relief, and waterproofing for towed systems.\" \/>\n<meta property=\"og:url\" content=\"https:\/\/mwgfsurvey.com\/en\/termination-service\/\" \/>\n<meta property=\"og:site_name\" content=\"mwgfsurvey\" \/>\n<meta property=\"article:modified_time\" content=\"2025-04-04T19:16:20+00:00\" \/>\n<meta name=\"twitter:card\" content=\"summary_large_image\" \/>\n<meta name=\"twitter:label1\" content=\"Estimated reading time\" \/>\n\t<meta name=\"twitter:data1\" content=\"1 minute\" \/>\n<script type=\"application\/ld+json\" class=\"yoast-schema-graph\">{\"@context\":\"https:\\\/\\\/schema.org\",\"@graph\":[{\"@type\":\"WebPage\",\"@id\":\"https:\\\/\\\/mwgfsurvey.com\\\/termination-service\\\/\",\"url\":\"https:\\\/\\\/mwgfsurvey.com\\\/termination-service\\\/\",\"name\":\"Cable Termination Service | Offshore Equipment | MWGF Survey\",\"isPartOf\":{\"@id\":\"https:\\\/\\\/mwgfsurvey.com\\\/#website\"},\"datePublished\":\"2024-08-04T15:37:58+00:00\",\"dateModified\":\"2025-04-04T19:16:20+00:00\",\"description\":\"MWGF Survey provides cable termination service for offshore equipment. Durable sealing, strain relief, and waterproofing for towed systems.\",\"breadcrumb\":{\"@id\":\"https:\\\/\\\/mwgfsurvey.com\\\/termination-service\\\/#breadcrumb\"},\"inLanguage\":\"en-GB\",\"potentialAction\":[{\"@type\":\"ReadAction\",\"target\":[\"https:\\\/\\\/mwgfsurvey.com\\\/termination-service\\\/\"]}]},{\"@type\":\"BreadcrumbList\",\"@id\":\"https:\\\/\\\/mwgfsurvey.com\\\/termination-service\\\/#breadcrumb\",\"itemListElement\":[{\"@type\":\"ListItem\",\"position\":1,\"name\":\"Strona g\u0142\u00f3wna\",\"item\":\"https:\\\/\\\/mwgfsurvey.com\\\/\"},{\"@type\":\"ListItem\",\"position\":2,\"name\":\"Serwis terminacji\"}]},{\"@type\":\"WebSite\",\"@id\":\"https:\\\/\\\/mwgfsurvey.com\\\/#website\",\"url\":\"https:\\\/\\\/mwgfsurvey.com\\\/\",\"name\":\"mwgfsurvey\",\"description\":\"\",\"publisher\":{\"@id\":\"https:\\\/\\\/mwgfsurvey.com\\\/#organization\"},\"potentialAction\":[{\"@type\":\"SearchAction\",\"target\":{\"@type\":\"EntryPoint\",\"urlTemplate\":\"https:\\\/\\\/mwgfsurvey.com\\\/?s={search_term_string}\"},\"query-input\":{\"@type\":\"PropertyValueSpecification\",\"valueRequired\":true,\"valueName\":\"search_term_string\"}}],\"inLanguage\":\"en-GB\"},{\"@type\":\"Organization\",\"@id\":\"https:\\\/\\\/mwgfsurvey.com\\\/#organization\",\"name\":\"mwgfsurvey\",\"url\":\"https:\\\/\\\/mwgfsurvey.com\\\/\",\"logo\":{\"@type\":\"ImageObject\",\"inLanguage\":\"en-GB\",\"@id\":\"https:\\\/\\\/mwgfsurvey.com\\\/#\\\/schema\\\/logo\\\/image\\\/\",\"url\":\"https:\\\/\\\/mwgfsurvey.com\\\/wp-content\\\/uploads\\\/2024\\\/08\\\/favicon.png\",\"contentUrl\":\"https:\\\/\\\/mwgfsurvey.com\\\/wp-content\\\/uploads\\\/2024\\\/08\\\/favicon.png\",\"width\":32,\"height\":32,\"caption\":\"mwgfsurvey\"},\"image\":{\"@id\":\"https:\\\/\\\/mwgfsurvey.com\\\/#\\\/schema\\\/logo\\\/image\\\/\"}}]}<\/script>\n<!-- \/ Yoast SEO plugin. -->","yoast_head_json":{"title":"Cable Termination Service | Offshore Equipment | MWGF Survey","description":"MWGF Survey provides cable termination service for offshore equipment. Durable sealing, strain relief, and waterproofing for towed systems.","robots":{"index":"index","follow":"follow","max-snippet":"max-snippet:-1","max-image-preview":"max-image-preview:large","max-video-preview":"max-video-preview:-1"},"canonical":"https:\/\/mwgfsurvey.com\/en\/termination-service\/","og_locale":"en_GB","og_type":"article","og_title":"Cable Termination Service | Offshore Equipment | MWGF Survey","og_description":"MWGF Survey provides cable termination service for offshore equipment. Durable sealing, strain relief, and waterproofing for towed systems.","og_url":"https:\/\/mwgfsurvey.com\/en\/termination-service\/","og_site_name":"mwgfsurvey","article_modified_time":"2025-04-04T19:16:20+00:00","twitter_card":"summary_large_image","twitter_misc":{"Estimated reading time":"1 minute"},"schema":{"@context":"https:\/\/schema.org","@graph":[{"@type":"WebPage","@id":"https:\/\/mwgfsurvey.com\/termination-service\/","url":"https:\/\/mwgfsurvey.com\/termination-service\/","name":"Cable Termination Service | Offshore Equipment | MWGF Survey","isPartOf":{"@id":"https:\/\/mwgfsurvey.com\/#website"},"datePublished":"2024-08-04T15:37:58+00:00","dateModified":"2025-04-04T19:16:20+00:00","description":"MWGF Survey provides cable termination service for offshore equipment. Durable sealing, strain relief, and waterproofing for towed systems.","breadcrumb":{"@id":"https:\/\/mwgfsurvey.com\/termination-service\/#breadcrumb"},"inLanguage":"en-GB","potentialAction":[{"@type":"ReadAction","target":["https:\/\/mwgfsurvey.com\/termination-service\/"]}]},{"@type":"BreadcrumbList","@id":"https:\/\/mwgfsurvey.com\/termination-service\/#breadcrumb","itemListElement":[{"@type":"ListItem","position":1,"name":"Strona g\u0142\u00f3wna","item":"https:\/\/mwgfsurvey.com\/"},{"@type":"ListItem","position":2,"name":"Serwis terminacji"}]},{"@type":"WebSite","@id":"https:\/\/mwgfsurvey.com\/#website","url":"https:\/\/mwgfsurvey.com\/","name":"mwgfsurvey","description":"","publisher":{"@id":"https:\/\/mwgfsurvey.com\/#organization"},"potentialAction":[{"@type":"SearchAction","target":{"@type":"EntryPoint","urlTemplate":"https:\/\/mwgfsurvey.com\/?s={search_term_string}"},"query-input":{"@type":"PropertyValueSpecification","valueRequired":true,"valueName":"search_term_string"}}],"inLanguage":"en-GB"},{"@type":"Organization","@id":"https:\/\/mwgfsurvey.com\/#organization","name":"mwgfsurvey","url":"https:\/\/mwgfsurvey.com\/","logo":{"@type":"ImageObject","inLanguage":"en-GB","@id":"https:\/\/mwgfsurvey.com\/#\/schema\/logo\/image\/","url":"https:\/\/mwgfsurvey.com\/wp-content\/uploads\/2024\/08\/favicon.png","contentUrl":"https:\/\/mwgfsurvey.com\/wp-content\/uploads\/2024\/08\/favicon.png","width":32,"height":32,"caption":"mwgfsurvey"},"image":{"@id":"https:\/\/mwgfsurvey.com\/#\/schema\/logo\/image\/"}}]}},"_links":{"self":[{"href":"https:\/\/mwgfsurvey.com\/en\/wp-json\/wp\/v2\/pages\/1490","targetHints":{"allow":["GET"]}}],"collection":[{"href":"https:\/\/mwgfsurvey.com\/en\/wp-json\/wp\/v2\/pages"}],"about":[{"href":"https:\/\/mwgfsurvey.com\/en\/wp-json\/wp\/v2\/types\/page"}],"author":[{"embeddable":true,"href":"https:\/\/mwgfsurvey.com\/en\/wp-json\/wp\/v2\/users\/1"}],"replies":[{"embeddable":true,"href":"https:\/\/mwgfsurvey.com\/en\/wp-json\/wp\/v2\/comments?post=1490"}],"version-history":[{"count":22,"href":"https:\/\/mwgfsurvey.com\/en\/wp-json\/wp\/v2\/pages\/1490\/revisions"}],"predecessor-version":[{"id":2233,"href":"https:\/\/mwgfsurvey.com\/en\/wp-json\/wp\/v2\/pages\/1490\/revisions\/2233"}],"wp:attachment":[{"href":"https:\/\/mwgfsurvey.com\/en\/wp-json\/wp\/v2\/media?parent=1490"}],"curies":[{"name":"wp","href":"https:\/\/api.w.org\/{rel}","templated":true}]}}