{"id":1487,"date":"2024-08-04T17:37:58","date_gmt":"2024-08-04T15:37:58","guid":{"rendered":"https:\/\/mwgfsurvey.com\/?page_id=1487"},"modified":"2025-03-26T12:02:23","modified_gmt":"2025-03-26T11:02:23","slug":"wire-stopper","status":"publish","type":"page","link":"https:\/\/mwgfsurvey.com\/en\/wire-stopper\/","title":{"rendered":"Wire stopper"},"content":{"rendered":"<div data-elementor-type=\"wp-page\" data-elementor-id=\"1487\" class=\"elementor elementor-1487\" data-elementor-post-type=\"page\">\n\t\t\t\t<div class=\"elementor-element elementor-element-49687ef e-flex e-con-boxed e-con e-parent\" data-id=\"49687ef\" data-element_type=\"container\" data-e-type=\"container\">\n\t\t\t\t\t<div class=\"e-con-inner\">\n\t\t<div class=\"elementor-element elementor-element-e86a1bd e-flex e-con-boxed e-con e-child\" data-id=\"e86a1bd\" data-element_type=\"container\" data-e-type=\"container\" data-settings=\"{&quot;background_background&quot;:&quot;classic&quot;}\">\n\t\t\t\t\t<div class=\"e-con-inner\">\n\t\t<div class=\"elementor-element elementor-element-d5fc0ee e-con-full e-flex e-con e-child\" data-id=\"d5fc0ee\" data-element_type=\"container\" data-e-type=\"container\">\n\t\t\t\t<div class=\"elementor-element elementor-element-a542193 elementor-invisible elementor-widget elementor-widget-heading\" data-id=\"a542193\" data-element_type=\"widget\" data-e-type=\"widget\" data-settings=\"{&quot;_animation&quot;:&quot;bounceInDown&quot;,&quot;_animation_delay&quot;:3}\" data-widget_type=\"heading.default\">\n\t\t\t\t<div class=\"elementor-widget-container\">\n\t\t\t\t\t<h2 class=\"elementor-heading-title elementor-size-default\">Wire stopper\n<\/h2>\t\t\t\t<\/div>\n\t\t\t\t<\/div>\n\t\t\t\t<div class=\"elementor-element elementor-element-cf18e7b elementor-widget__width-initial elementor-invisible elementor-widget elementor-widget-text-editor\" data-id=\"cf18e7b\" data-element_type=\"widget\" data-e-type=\"widget\" data-settings=\"{&quot;_animation&quot;:&quot;fadeIn&quot;,&quot;_animation_delay&quot;:5}\" data-widget_type=\"text-editor.default\">\n\t\t\t\t<div class=\"elementor-widget-container\">\n\t\t\t\t\t\t\t\t\t<p>During one project, a problem arose with the sonar launch system. In order to do everything in accordance with the HSE and at the same time safely for the equipment, it was necessary to lower the sheave on a separate wire rope onto the sonar when launching \/ recovering the equipment from the water.<\/p><p>To protect the beacon mounted above the sonar and the sonar itself from damage, we designed a wire stopper that kept the sheave at a safe distance from the rest of the equipment. At the same time, this stopper prevented the components from wedging between each other.<\/p>\t\t\t\t\t\t\t\t<\/div>\n\t\t\t\t<\/div>\n\t\t\t\t<\/div>\n\t\t<div class=\"elementor-element elementor-element-1f89eae e-con-full e-flex elementor-invisible e-con e-child\" data-id=\"1f89eae\" data-element_type=\"container\" data-e-type=\"container\" data-settings=\"{&quot;animation&quot;:&quot;fadeInRight&quot;,&quot;animation_delay&quot;:7}\">\n\t\t\t\t<div class=\"elementor-element elementor-element-a3946dc elementor-widget elementor-widget-image\" data-id=\"a3946dc\" data-element_type=\"widget\" data-e-type=\"widget\" data-widget_type=\"image.default\">\n\t\t\t\t<div class=\"elementor-widget-container\">\n\t\t\t\t\t\t\t\t\t\t\t\t<figure class=\"wp-caption\">\n\t\t\t\t\t\t\t\t\t\t<img fetchpriority=\"high\" decoding=\"async\" width=\"768\" height=\"1024\" src=\"https:\/\/mwgfsurvey.com\/wp-content\/uploads\/2024\/08\/wire_stopper_SSS-768x1024.jpg\" class=\"attachment-large size-large wp-image-1588\" alt=\"Wire stopper designed by MWGF Survey for securing towed side scan sonar\" srcset=\"https:\/\/mwgfsurvey.com\/wp-content\/uploads\/2024\/08\/wire_stopper_SSS-768x1024.jpg 768w, https:\/\/mwgfsurvey.com\/wp-content\/uploads\/2024\/08\/wire_stopper_SSS-225x300.jpg 225w, https:\/\/mwgfsurvey.com\/wp-content\/uploads\/2024\/08\/wire_stopper_SSS-9x12.jpg 9w\" sizes=\"(max-width: 768px) 100vw, 768px\" \/>\t\t\t\t\t\t\t\t\t\t\t<figcaption class=\"widget-image-caption wp-caption-text\"><\/figcaption>\n\t\t\t\t\t\t\t\t\t\t<\/figure>\n\t\t\t\t\t\t\t\t\t<\/div>\n\t\t\t\t<\/div>\n\t\t\t\t<\/div>\n\t\t\t\t\t<\/div>\n\t\t\t\t<\/div>\n\t\t\t\t\t<\/div>\n\t\t\t\t<\/div>\n\t\t\t\t<\/div>","protected":false},"excerpt":{"rendered":"<p>Stoper liny W czasie jednego z projekt\u00f3w, pojawi\u0142 si\u0119 problem z systemem wystawiania sonaru. Aby zrobi\u0107 wszystko zgodnie z HSE i jednocze\u015bnie bezpiecznie dla sprz\u0119tu, konieczne by\u0142o opuszczanie zblocza na osobnej linie na sonar, w momencie wystawiania \/ podejmowania sprz\u0119tu z wody. By uchroni\u0107 beacon zamocowany nad sonarem oraz sam sonar przed uszkodzeniem, zaprojektowali\u015bmy stoper [&hellip;]<\/p>\n","protected":false},"author":1,"featured_media":0,"parent":0,"menu_order":0,"comment_status":"closed","ping_status":"closed","template":"","meta":{"footnotes":""},"class_list":["post-1487","page","type-page","status-publish","hentry"],"blocksy_meta":[],"yoast_head":"<!-- This site is optimized with the Yoast SEO plugin v27.4 - https:\/\/yoast.com\/product\/yoast-seo-wordpress\/ -->\n<title>Wire Stopper | Sonar Protection for Offshore | MWGF Survey<\/title>\n<meta name=\"description\" content=\"The MWGF wire stopper protects sonar systems from hitting the sheave. A reliable safety feature for towed equipment in offshore operations.\" \/>\n<meta name=\"robots\" content=\"index, follow, max-snippet:-1, max-image-preview:large, max-video-preview:-1\" \/>\n<link rel=\"canonical\" href=\"https:\/\/mwgfsurvey.com\/en\/wire-stopper\/\" \/>\n<meta property=\"og:locale\" content=\"en_GB\" \/>\n<meta property=\"og:type\" content=\"article\" \/>\n<meta property=\"og:title\" content=\"Wire Stopper | Sonar Protection for Offshore | MWGF Survey\" \/>\n<meta property=\"og:description\" content=\"The MWGF wire stopper protects sonar systems from hitting the sheave. A reliable safety feature for towed equipment in offshore operations.\" \/>\n<meta property=\"og:url\" content=\"https:\/\/mwgfsurvey.com\/en\/wire-stopper\/\" \/>\n<meta property=\"og:site_name\" content=\"mwgfsurvey\" \/>\n<meta property=\"article:modified_time\" content=\"2025-03-26T11:02:23+00:00\" \/>\n<meta property=\"og:image\" content=\"https:\/\/mwgfsurvey.com\/wp-content\/uploads\/2024\/08\/wire_stopper_SSS-768x1024.jpg\" \/>\n\t<meta property=\"og:image:width\" content=\"768\" \/>\n\t<meta property=\"og:image:height\" content=\"1024\" \/>\n\t<meta property=\"og:image:type\" content=\"image\/jpeg\" \/>\n<meta name=\"twitter:card\" content=\"summary_large_image\" \/>\n<meta name=\"twitter:label1\" content=\"Estimated reading time\" \/>\n\t<meta name=\"twitter:data1\" content=\"1 minute\" \/>\n<script type=\"application\/ld+json\" class=\"yoast-schema-graph\">{\"@context\":\"https:\\\/\\\/schema.org\",\"@graph\":[{\"@type\":\"WebPage\",\"@id\":\"https:\\\/\\\/mwgfsurvey.com\\\/wire-stopper\\\/\",\"url\":\"https:\\\/\\\/mwgfsurvey.com\\\/wire-stopper\\\/\",\"name\":\"Wire Stopper | Sonar Protection for Offshore | MWGF Survey\",\"isPartOf\":{\"@id\":\"https:\\\/\\\/mwgfsurvey.com\\\/#website\"},\"primaryImageOfPage\":{\"@id\":\"https:\\\/\\\/mwgfsurvey.com\\\/wire-stopper\\\/#primaryimage\"},\"image\":{\"@id\":\"https:\\\/\\\/mwgfsurvey.com\\\/wire-stopper\\\/#primaryimage\"},\"thumbnailUrl\":\"https:\\\/\\\/mwgfsurvey.com\\\/wp-content\\\/uploads\\\/2024\\\/08\\\/wire_stopper_SSS-768x1024.jpg\",\"datePublished\":\"2024-08-04T15:37:58+00:00\",\"dateModified\":\"2025-03-26T11:02:23+00:00\",\"description\":\"The MWGF wire stopper protects sonar systems from hitting the sheave. A reliable safety feature for towed equipment in offshore operations.\",\"breadcrumb\":{\"@id\":\"https:\\\/\\\/mwgfsurvey.com\\\/wire-stopper\\\/#breadcrumb\"},\"inLanguage\":\"en-GB\",\"potentialAction\":[{\"@type\":\"ReadAction\",\"target\":[\"https:\\\/\\\/mwgfsurvey.com\\\/wire-stopper\\\/\"]}]},{\"@type\":\"ImageObject\",\"inLanguage\":\"en-GB\",\"@id\":\"https:\\\/\\\/mwgfsurvey.com\\\/wire-stopper\\\/#primaryimage\",\"url\":\"https:\\\/\\\/mwgfsurvey.com\\\/wp-content\\\/uploads\\\/2024\\\/08\\\/wire_stopper_SSS-768x1024.jpg\",\"contentUrl\":\"https:\\\/\\\/mwgfsurvey.com\\\/wp-content\\\/uploads\\\/2024\\\/08\\\/wire_stopper_SSS-768x1024.jpg\"},{\"@type\":\"BreadcrumbList\",\"@id\":\"https:\\\/\\\/mwgfsurvey.com\\\/wire-stopper\\\/#breadcrumb\",\"itemListElement\":[{\"@type\":\"ListItem\",\"position\":1,\"name\":\"Strona g\u0142\u00f3wna\",\"item\":\"https:\\\/\\\/mwgfsurvey.com\\\/\"},{\"@type\":\"ListItem\",\"position\":2,\"name\":\"Stoper liny\"}]},{\"@type\":\"WebSite\",\"@id\":\"https:\\\/\\\/mwgfsurvey.com\\\/#website\",\"url\":\"https:\\\/\\\/mwgfsurvey.com\\\/\",\"name\":\"mwgfsurvey\",\"description\":\"\",\"publisher\":{\"@id\":\"https:\\\/\\\/mwgfsurvey.com\\\/#organization\"},\"potentialAction\":[{\"@type\":\"SearchAction\",\"target\":{\"@type\":\"EntryPoint\",\"urlTemplate\":\"https:\\\/\\\/mwgfsurvey.com\\\/?s={search_term_string}\"},\"query-input\":{\"@type\":\"PropertyValueSpecification\",\"valueRequired\":true,\"valueName\":\"search_term_string\"}}],\"inLanguage\":\"en-GB\"},{\"@type\":\"Organization\",\"@id\":\"https:\\\/\\\/mwgfsurvey.com\\\/#organization\",\"name\":\"mwgfsurvey\",\"url\":\"https:\\\/\\\/mwgfsurvey.com\\\/\",\"logo\":{\"@type\":\"ImageObject\",\"inLanguage\":\"en-GB\",\"@id\":\"https:\\\/\\\/mwgfsurvey.com\\\/#\\\/schema\\\/logo\\\/image\\\/\",\"url\":\"https:\\\/\\\/mwgfsurvey.com\\\/wp-content\\\/uploads\\\/2024\\\/08\\\/favicon.png\",\"contentUrl\":\"https:\\\/\\\/mwgfsurvey.com\\\/wp-content\\\/uploads\\\/2024\\\/08\\\/favicon.png\",\"width\":32,\"height\":32,\"caption\":\"mwgfsurvey\"},\"image\":{\"@id\":\"https:\\\/\\\/mwgfsurvey.com\\\/#\\\/schema\\\/logo\\\/image\\\/\"}}]}<\/script>\n<!-- \/ Yoast SEO plugin. -->","yoast_head_json":{"title":"Wire Stopper | Sonar Protection for Offshore | MWGF Survey","description":"The MWGF wire stopper protects sonar systems from hitting the sheave. A reliable safety feature for towed equipment in offshore operations.","robots":{"index":"index","follow":"follow","max-snippet":"max-snippet:-1","max-image-preview":"max-image-preview:large","max-video-preview":"max-video-preview:-1"},"canonical":"https:\/\/mwgfsurvey.com\/en\/wire-stopper\/","og_locale":"en_GB","og_type":"article","og_title":"Wire Stopper | Sonar Protection for Offshore | MWGF Survey","og_description":"The MWGF wire stopper protects sonar systems from hitting the sheave. A reliable safety feature for towed equipment in offshore operations.","og_url":"https:\/\/mwgfsurvey.com\/en\/wire-stopper\/","og_site_name":"mwgfsurvey","article_modified_time":"2025-03-26T11:02:23+00:00","og_image":[{"width":768,"height":1024,"url":"https:\/\/mwgfsurvey.com\/wp-content\/uploads\/2024\/08\/wire_stopper_SSS-768x1024.jpg","type":"image\/jpeg"}],"twitter_card":"summary_large_image","twitter_misc":{"Estimated reading time":"1 minute"},"schema":{"@context":"https:\/\/schema.org","@graph":[{"@type":"WebPage","@id":"https:\/\/mwgfsurvey.com\/wire-stopper\/","url":"https:\/\/mwgfsurvey.com\/wire-stopper\/","name":"Wire Stopper | Sonar Protection for Offshore | MWGF Survey","isPartOf":{"@id":"https:\/\/mwgfsurvey.com\/#website"},"primaryImageOfPage":{"@id":"https:\/\/mwgfsurvey.com\/wire-stopper\/#primaryimage"},"image":{"@id":"https:\/\/mwgfsurvey.com\/wire-stopper\/#primaryimage"},"thumbnailUrl":"https:\/\/mwgfsurvey.com\/wp-content\/uploads\/2024\/08\/wire_stopper_SSS-768x1024.jpg","datePublished":"2024-08-04T15:37:58+00:00","dateModified":"2025-03-26T11:02:23+00:00","description":"The MWGF wire stopper protects sonar systems from hitting the sheave. A reliable safety feature for towed equipment in offshore operations.","breadcrumb":{"@id":"https:\/\/mwgfsurvey.com\/wire-stopper\/#breadcrumb"},"inLanguage":"en-GB","potentialAction":[{"@type":"ReadAction","target":["https:\/\/mwgfsurvey.com\/wire-stopper\/"]}]},{"@type":"ImageObject","inLanguage":"en-GB","@id":"https:\/\/mwgfsurvey.com\/wire-stopper\/#primaryimage","url":"https:\/\/mwgfsurvey.com\/wp-content\/uploads\/2024\/08\/wire_stopper_SSS-768x1024.jpg","contentUrl":"https:\/\/mwgfsurvey.com\/wp-content\/uploads\/2024\/08\/wire_stopper_SSS-768x1024.jpg"},{"@type":"BreadcrumbList","@id":"https:\/\/mwgfsurvey.com\/wire-stopper\/#breadcrumb","itemListElement":[{"@type":"ListItem","position":1,"name":"Strona g\u0142\u00f3wna","item":"https:\/\/mwgfsurvey.com\/"},{"@type":"ListItem","position":2,"name":"Stoper liny"}]},{"@type":"WebSite","@id":"https:\/\/mwgfsurvey.com\/#website","url":"https:\/\/mwgfsurvey.com\/","name":"mwgfsurvey","description":"","publisher":{"@id":"https:\/\/mwgfsurvey.com\/#organization"},"potentialAction":[{"@type":"SearchAction","target":{"@type":"EntryPoint","urlTemplate":"https:\/\/mwgfsurvey.com\/?s={search_term_string}"},"query-input":{"@type":"PropertyValueSpecification","valueRequired":true,"valueName":"search_term_string"}}],"inLanguage":"en-GB"},{"@type":"Organization","@id":"https:\/\/mwgfsurvey.com\/#organization","name":"mwgfsurvey","url":"https:\/\/mwgfsurvey.com\/","logo":{"@type":"ImageObject","inLanguage":"en-GB","@id":"https:\/\/mwgfsurvey.com\/#\/schema\/logo\/image\/","url":"https:\/\/mwgfsurvey.com\/wp-content\/uploads\/2024\/08\/favicon.png","contentUrl":"https:\/\/mwgfsurvey.com\/wp-content\/uploads\/2024\/08\/favicon.png","width":32,"height":32,"caption":"mwgfsurvey"},"image":{"@id":"https:\/\/mwgfsurvey.com\/#\/schema\/logo\/image\/"}}]}},"_links":{"self":[{"href":"https:\/\/mwgfsurvey.com\/en\/wp-json\/wp\/v2\/pages\/1487","targetHints":{"allow":["GET"]}}],"collection":[{"href":"https:\/\/mwgfsurvey.com\/en\/wp-json\/wp\/v2\/pages"}],"about":[{"href":"https:\/\/mwgfsurvey.com\/en\/wp-json\/wp\/v2\/types\/page"}],"author":[{"embeddable":true,"href":"https:\/\/mwgfsurvey.com\/en\/wp-json\/wp\/v2\/users\/1"}],"replies":[{"embeddable":true,"href":"https:\/\/mwgfsurvey.com\/en\/wp-json\/wp\/v2\/comments?post=1487"}],"version-history":[{"count":19,"href":"https:\/\/mwgfsurvey.com\/en\/wp-json\/wp\/v2\/pages\/1487\/revisions"}],"predecessor-version":[{"id":2217,"href":"https:\/\/mwgfsurvey.com\/en\/wp-json\/wp\/v2\/pages\/1487\/revisions\/2217"}],"wp:attachment":[{"href":"https:\/\/mwgfsurvey.com\/en\/wp-json\/wp\/v2\/media?parent=1487"}],"curies":[{"name":"wp","href":"https:\/\/api.w.org\/{rel}","templated":true}]}}