{"id":1038,"date":"2024-02-10T13:43:18","date_gmt":"2024-02-10T13:43:18","guid":{"rendered":"https:\/\/startersites.io\/elementor\/smile-dent\/?page_id=1038"},"modified":"2025-09-29T11:42:39","modified_gmt":"2025-09-29T09:42:39","slug":"contact","status":"publish","type":"page","link":"https:\/\/mwgfsurvey.com\/en\/contact\/","title":{"rendered":"Contact"},"content":{"rendered":"<div data-elementor-type=\"wp-page\" data-elementor-id=\"1038\" class=\"elementor elementor-1038\" data-elementor-post-type=\"page\">\n\t\t\t\t<div class=\"elementor-element elementor-element-b96c4cb e-flex e-con-boxed e-con e-parent\" data-id=\"b96c4cb\" data-element_type=\"container\" data-e-type=\"container\">\n\t\t\t\t\t<div class=\"e-con-inner\">\n\t\t<div class=\"elementor-element elementor-element-26118ba e-con-full e-flex e-con e-child\" data-id=\"26118ba\" data-element_type=\"container\" data-e-type=\"container\">\n\t\t\t\t<div class=\"elementor-element elementor-element-e701b51 elementor-widget elementor-widget-image\" data-id=\"e701b51\" data-element_type=\"widget\" data-e-type=\"widget\" data-widget_type=\"image.default\">\n\t\t\t\t<div class=\"elementor-widget-container\">\n\t\t\t\t\t\t\t\t\t\t\t\t<figure class=\"wp-caption\">\n\t\t\t\t\t\t\t\t\t\t<img fetchpriority=\"high\" decoding=\"async\" width=\"768\" height=\"1020\" src=\"https:\/\/mwgfsurvey.com\/wp-content\/uploads\/2024\/08\/contact-768x1020.jpg\" class=\"attachment-medium_large size-medium_large wp-image-1794\" alt=\"Contact MWGF Survey \u2013 VHF radio station used in offshore communication\" srcset=\"https:\/\/mwgfsurvey.com\/wp-content\/uploads\/2024\/08\/contact-768x1020.jpg 768w, https:\/\/mwgfsurvey.com\/wp-content\/uploads\/2024\/08\/contact-226x300.jpg 226w, https:\/\/mwgfsurvey.com\/wp-content\/uploads\/2024\/08\/contact-771x1024.jpg 771w, https:\/\/mwgfsurvey.com\/wp-content\/uploads\/2024\/08\/contact-1157x1536.jpg 1157w, https:\/\/mwgfsurvey.com\/wp-content\/uploads\/2024\/08\/contact-1542x2048.jpg 1542w, https:\/\/mwgfsurvey.com\/wp-content\/uploads\/2024\/08\/contact-9x12.jpg 9w, https:\/\/mwgfsurvey.com\/wp-content\/uploads\/2024\/08\/contact-scaled.jpg 1928w\" sizes=\"(max-width: 768px) 100vw, 768px\" \/>\t\t\t\t\t\t\t\t\t\t\t<figcaption class=\"widget-image-caption wp-caption-text\"><\/figcaption>\n\t\t\t\t\t\t\t\t\t\t<\/figure>\n\t\t\t\t\t\t\t\t\t<\/div>\n\t\t\t\t<\/div>\n\t\t\t\t<div class=\"elementor-element elementor-element-d063db4 elementor-widget elementor-widget-image\" data-id=\"d063db4\" data-element_type=\"widget\" data-e-type=\"widget\" data-widget_type=\"image.default\">\n\t\t\t\t<div class=\"elementor-widget-container\">\n\t\t\t\t\t\t\t\t\t\t\t\t<figure class=\"wp-caption\">\n\t\t\t\t\t\t\t\t\t\t<img decoding=\"async\" src=\"https:\/\/mwgfsurvey.com\/wp-content\/uploads\/2024\/12\/logo_FGZ_ENG_2024-e1734381688563.jpeg\" title=\"logo_FGZ_ENG_2024\" alt=\"Trustworthy Company logo \u2013 MWGF Survey\" loading=\"lazy\" \/>\t\t\t\t\t\t\t\t\t\t\t<figcaption class=\"widget-image-caption wp-caption-text\"><\/figcaption>\n\t\t\t\t\t\t\t\t\t\t<\/figure>\n\t\t\t\t\t\t\t\t\t<\/div>\n\t\t\t\t<\/div>\n\t\t\t\t<div class=\"elementor-element elementor-element-050931e elementor-widget elementor-widget-image\" data-id=\"050931e\" data-element_type=\"widget\" data-e-type=\"widget\" data-widget_type=\"image.default\">\n\t\t\t\t<div class=\"elementor-widget-container\">\n\t\t\t\t\t\t\t\t\t\t\t\t<figure class=\"wp-caption\">\n\t\t\t\t\t\t\t\t\t\t<img decoding=\"async\" src=\"https:\/\/mwgfsurvey.com\/wp-content\/uploads\/2024\/12\/logo_FGZ_ENG_2024-e1734381688563.jpeg\" title=\"logo_FGZ_PL_2025\" alt=\"Trustworthy Company logo \u2013 MWGF Survey\" loading=\"lazy\" \/>\t\t\t\t\t\t\t\t\t\t\t<figcaption class=\"widget-image-caption wp-caption-text\"><\/figcaption>\n\t\t\t\t\t\t\t\t\t\t<\/figure>\n\t\t\t\t\t\t\t\t\t<\/div>\n\t\t\t\t<\/div>\n\t\t\t\t<\/div>\n\t\t<div class=\"elementor-element elementor-element-27b8dce e-con-full e-flex e-con e-child\" data-id=\"27b8dce\" data-element_type=\"container\" data-e-type=\"container\">\n\t\t\t\t<div class=\"elementor-element elementor-element-5607b0c elementor-widget elementor-widget-shortcode\" data-id=\"5607b0c\" data-element_type=\"widget\" data-e-type=\"widget\" data-widget_type=\"shortcode.default\">\n\t\t\t\t<div class=\"elementor-widget-container\">\n\t\t\t\t\t\t\t<div class=\"elementor-shortcode\"><div class=\"forminator-ui forminator-custom-form forminator-custom-form-1730 forminator-design--flat  forminator_ajax\" data-forminator-render=\"0\" data-form=\"forminator-module-1730\" data-uid=\"69e4d71eb0c75\"><br\/><\/div><form\n\t\t\t\tid=\"forminator-module-1730\"\n\t\t\t\tclass=\"forminator-ui forminator-custom-form forminator-custom-form-1730 forminator-design--flat  forminator_ajax\"\n\t\t\t\tmethod=\"post\"\n\t\t\t\tdata-forminator-render=\"0\"\n\t\t\t\tdata-form-id=\"1730\"\n\t\t\t\t data-color-option=\"default\" data-design=\"flat\" data-grid=\"open\" style=\"display: none;\"\n\t\t\t\tdata-uid=\"69e4d71eb0c75\" action=\"\"\n\t\t\t><div role=\"alert\" aria-live=\"polite\" class=\"forminator-response-message forminator-error\" aria-hidden=\"true\"><\/div><div class=\"forminator-row\"><div id=\"name-1\" class=\"forminator-field-name forminator-col forminator-col-12\"><div class=\"forminator-field\"><label for=\"forminator-field-name-1_69e4d71eb0c75\" id=\"forminator-field-name-1_69e4d71eb0c75-label\" class=\"forminator-label\">Name and surname <span class=\"forminator-required\">*<\/span><\/label><input type=\"text\" name=\"name-1\" value=\"\" placeholder=\"\" id=\"forminator-field-name-1_69e4d71eb0c75\" class=\"forminator-input forminator-name--field\" aria-required=\"true\" autocomplete=\"name\" \/><\/div><\/div><\/div><div class=\"forminator-row\"><div id=\"name-2\" class=\"forminator-field-name forminator-col forminator-col-12\"><div class=\"forminator-field\"><label for=\"forminator-field-name-2_69e4d71eb0c75\" id=\"forminator-field-name-2_69e4d71eb0c75-label\" class=\"forminator-label\">Company <span class=\"forminator-required\">*<\/span><\/label><input type=\"text\" name=\"name-2\" value=\"\" placeholder=\"\" id=\"forminator-field-name-2_69e4d71eb0c75\" class=\"forminator-input forminator-name--field\" aria-required=\"true\" autocomplete=\"name\" \/><\/div><\/div><\/div><div class=\"forminator-row\"><div id=\"email-1\" class=\"forminator-field-email forminator-col forminator-col-6\"><div class=\"forminator-field\"><label for=\"forminator-field-email-1_69e4d71eb0c75\" id=\"forminator-field-email-1_69e4d71eb0c75-label\" class=\"forminator-label\">E-mail <span class=\"forminator-required\">*<\/span><\/label><input type=\"email\" name=\"email-1\" value=\"\" placeholder=\"\" id=\"forminator-field-email-1_69e4d71eb0c75\" class=\"forminator-input forminator-email--field\" data-required=\"true\" aria-required=\"true\" autocomplete=\"email\" \/><\/div><\/div><div id=\"phone-1\" class=\"forminator-field-phone forminator-col forminator-col-6\"><div class=\"forminator-field\"><label for=\"forminator-field-phone-1_69e4d71eb0c75\" id=\"forminator-field-phone-1_69e4d71eb0c75-label\" class=\"forminator-label\">Telephone number<\/label><input type=\"text\" name=\"phone-1\" value=\"\" placeholder=\"\" id=\"forminator-field-phone-1_69e4d71eb0c75\" class=\"forminator-input forminator-field--phone\" data-required=\"\" aria-required=\"false\" autocomplete=\"off\" \/><\/div><\/div><\/div><div class=\"forminator-row\"><div id=\"textarea-2\" class=\"forminator-field-textarea forminator-col forminator-col-12  temat\"><div class=\"forminator-field\"><label for=\"forminator-field-textarea-2_69e4d71eb0c75\" id=\"forminator-field-textarea-2_69e4d71eb0c75-label\" class=\"forminator-label\">Subject <span class=\"forminator-required\">*<\/span><\/label><textarea name=\"textarea-2\" placeholder=\"Enter your message...\" id=\"forminator-field-textarea-2_69e4d71eb0c75\" class=\"forminator-textarea\" rows=\"6\" style=\"min-height:70px;\" maxlength=\"180\" ><\/textarea><span id=\"forminator-field-textarea-2_69e4d71eb0c75-description\" class=\"forminator-description\"><span data-limit=\"180\" data-type=\"characters\" data-editor=\"\">0 \/ 180<\/span><\/span><\/div><\/div><\/div><div class=\"forminator-row\"><div id=\"textarea-1\" class=\"forminator-field-textarea forminator-col forminator-col-12\"><div class=\"forminator-field\"><label for=\"forminator-field-textarea-1_69e4d71eb0c75\" id=\"forminator-field-textarea-1_69e4d71eb0c75-label\" class=\"forminator-label\">Content <span class=\"forminator-required\">*<\/span><\/label><textarea name=\"textarea-1\" placeholder=\"Enter your message...\" id=\"forminator-field-textarea-1_69e4d71eb0c75\" class=\"forminator-textarea\" rows=\"6\" style=\"min-height:70px;\" maxlength=\"3000\" ><\/textarea><span id=\"forminator-field-textarea-1_69e4d71eb0c75-description\" class=\"forminator-description\"><span data-limit=\"3000\" data-type=\"characters\" data-editor=\"\">0 \/ 3000<\/span><\/span><\/div><\/div><\/div><div class=\"forminator-row\"><div id=\"captcha-1\" class=\"forminator-field-captcha forminator-col forminator-col-12\"><div class=\"forminator-captcha-left forminator-g-recaptcha\" data-theme=\"light\"  data-sitekey=\"6LeeKiAqAAAAADIms2Ykb--zWxBxjpwcv2kKsiBW\" data-size=\"normal\"><\/div> <\/div><\/div><div class=\"forminator-row\"><div id=\"checkbox-1\" class=\"forminator-field-checkbox forminator-col forminator-col-6\"><div role=\"group\" class=\"forminator-field required\" aria-labelledby=\"forminator-checkbox-group-forminator-field-checkbox-1-69e4d71eb0c75-label\"><label id=\"forminator-field-checkbox-1-1-69e4d71eb0c75-label\" for=\"forminator-field-checkbox-1-1-69e4d71eb0c75\" class=\"forminator-checkbox\" title=\"I have read the privacy policy\"><input type=\"checkbox\" name=\"checkbox-1[]\" value=\"one\" id=\"forminator-field-checkbox-1-1-69e4d71eb0c75\" aria-labelledby=\"forminator-field-checkbox-1-1-69e4d71eb0c75-label\" data-calculation=\"0\"   data-hidden-behavior=\"zero\" aria-describedby=\"forminator-field-checkbox-1-69e4d71eb0c75-description\"\/><span class=\"forminator-checkbox-box\" aria-hidden=\"true\"><\/span><span class=\"forminator-checkbox-label\">I have read the privacy policy<\/span><\/label><span id=\"forminator-field-checkbox-1-69e4d71eb0c75-description\" class=\"forminator-description\">obligatory field *<\/span><\/div><\/div><div id=\"html-1\" class=\"forminator-field-html forminator-col forminator-col-6\"><div class=\"forminator-field forminator-merge-tags\" data-field=\"html-1\"><p><a rel=\"noopener\" target=\"_blank\" href=\"https:\/\/mwgfsurvey.com\/en\/privacy-policy\/\">Privacy Policy<\/a><\/p><\/div><\/div><\/div><input type=\"hidden\" name=\"referer_url\" value=\"\" \/><div class=\"forminator-row forminator-row-last\"><div class=\"forminator-col\"><div class=\"forminator-field\"><button class=\"forminator-button forminator-button-submit\">Send a message<\/button><\/div><\/div><\/div><input type=\"hidden\" id=\"forminator_nonce\" name=\"forminator_nonce\" value=\"cd26ca2975\" \/><input type=\"hidden\" name=\"_wp_http_referer\" value=\"\/en\/wp-json\/wp\/v2\/pages\/1038\" \/><input type=\"hidden\" name=\"form_id\" value=\"1730\"><input type=\"hidden\" name=\"page_id\" value=\"1038\"><input type=\"hidden\" name=\"form_type\" value=\"default\"><input type=\"hidden\" name=\"current_url\" value=\"https:\/\/mwgfsurvey.com\/en\/contact\/\"><input type=\"hidden\" name=\"render_id\" value=\"0\"><input type=\"hidden\" name=\"action\" value=\"forminator_submit_form_custom-forms\"><input type=\"hidden\" name=\"trp-form-language\" value=\"en\"\/><\/form><\/div>\n\t\t\t\t\t\t<\/div>\n\t\t\t\t<\/div>\n\t\t\t\t<\/div>\n\t\t\t\t\t<\/div>\n\t\t\t\t<\/div>\n\t\t<div class=\"elementor-element elementor-element-8766cfe e-flex e-con-boxed e-con e-parent\" data-id=\"8766cfe\" data-element_type=\"container\" data-e-type=\"container\">\n\t\t\t\t\t<div class=\"e-con-inner\">\n\t\t\t\t<div class=\"elementor-element elementor-element-52098ab elementor-widget elementor-widget-heading\" data-id=\"52098ab\" data-element_type=\"widget\" data-e-type=\"widget\" data-widget_type=\"heading.default\">\n\t\t\t\t<div class=\"elementor-widget-container\">\n\t\t\t\t\t<h4 class=\"elementor-heading-title elementor-size-default\">Payment Details<\/h4>\t\t\t\t<\/div>\n\t\t\t\t<\/div>\n\t\t\t\t<div class=\"elementor-element elementor-element-c479c91 elementor-widget elementor-widget-text-editor\" data-id=\"c479c91\" data-element_type=\"widget\" data-e-type=\"widget\" data-widget_type=\"text-editor.default\">\n\t\t\t\t<div class=\"elementor-widget-container\">\n\t\t\t\t\t\t\t\t\t<p style=\"text-align: center;\" data-start=\"212\" data-end=\"266\">Please direct all payments to the account below, including the invoice number in the payment reference:<\/p>\t\t\t\t\t\t\t\t<\/div>\n\t\t\t\t<\/div>\n\t\t<div class=\"elementor-element elementor-element-7e9848b e-grid e-con-full e-con e-child\" data-id=\"7e9848b\" data-element_type=\"container\" data-e-type=\"container\">\n\t\t\t\t<div class=\"elementor-element elementor-element-7a0750d elementor-widget elementor-widget-text-editor\" data-id=\"7a0750d\" data-element_type=\"widget\" data-e-type=\"widget\" data-widget_type=\"text-editor.default\">\n\t\t\t\t<div class=\"elementor-widget-container\">\n\t\t\t\t\t\t\t\t\t<p style=\"text-align: left;\"><strong data-start=\"510\" data-end=\"528\">PLN (Polish Zloty)<\/strong><br data-start=\"528\" data-end=\"531\" \/>Bank: <b>PKO BP S.A.<\/b><br data-start=\"550\" data-end=\"553\" \/>(IBAN): <b>PL 62 1020 2892 0000 5402 0727 8411<\/b><br data-start=\"612\" data-end=\"615\" \/>SWIFT\/BIC: <strong>BPKOPLPW<\/strong><\/p>\t\t\t\t\t\t\t\t<\/div>\n\t\t\t\t<\/div>\n\t\t\t\t<div class=\"elementor-element elementor-element-e3ec78b elementor-widget elementor-widget-text-editor\" data-id=\"e3ec78b\" data-element_type=\"widget\" data-e-type=\"widget\" data-widget_type=\"text-editor.default\">\n\t\t\t\t<div class=\"elementor-widget-container\">\n\t\t\t\t\t\t\t\t\t<p style=\"text-align: left;\"><strong data-start=\"645\" data-end=\"659\">EUR (Euro)<\/strong><br data-start=\"659\" data-end=\"662\" \/>Bank: <b>PKO BP S.A.<\/b><br data-start=\"681\" data-end=\"684\" \/>IBAN: <b>PL 92 1020 2892 0000 5902 0808 9031<\/b><br data-start=\"726\" data-end=\"729\" \/>SWIFT\/BIC: <strong>BPKOPLPW<\/strong><\/p>\t\t\t\t\t\t\t\t<\/div>\n\t\t\t\t<\/div>\n\t\t\t\t<div class=\"elementor-element elementor-element-05c72c6 elementor-widget elementor-widget-text-editor\" data-id=\"05c72c6\" data-element_type=\"widget\" data-e-type=\"widget\" data-widget_type=\"text-editor.default\">\n\t\t\t\t<div class=\"elementor-widget-container\">\n\t\t\t\t\t\t\t\t\t<p style=\"text-align: left;\"><strong data-start=\"734\" data-end=\"758\">GBP (British Pound Sterling)<\/strong><br data-start=\"758\" data-end=\"761\" \/>Bank: <b>PKO BP S.A.<\/b><br data-start=\"780\" data-end=\"783\" \/>IBAN: <b>PL 73 1020 2892 0000 5602 0861 8946<\/b><br data-start=\"825\" data-end=\"828\" \/>SWIFT\/BIC: <strong>BPKOPLPW<\/strong><\/p>\t\t\t\t\t\t\t\t<\/div>\n\t\t\t\t<\/div>\n\t\t\t\t<\/div>\n\t\t\t\t\t<\/div>\n\t\t\t\t<\/div>\n\t\t<div class=\"elementor-element elementor-element-b2198aa e-flex e-con-boxed e-con e-parent\" data-id=\"b2198aa\" data-element_type=\"container\" data-e-type=\"container\">\n\t\t\t\t\t<div class=\"e-con-inner\">\n\t\t<div class=\"elementor-element elementor-element-1a1e667 e-flex e-con-boxed e-con e-child\" data-id=\"1a1e667\" data-element_type=\"container\" data-e-type=\"container\" data-settings=\"{&quot;background_background&quot;:&quot;classic&quot;}\">\n\t\t\t\t\t<div class=\"e-con-inner\">\n\t\t\t\t<div class=\"elementor-element elementor-element-eaa3a5f elementor-widget__width-initial elementor-widget elementor-widget-text-editor\" data-id=\"eaa3a5f\" data-element_type=\"widget\" data-e-type=\"widget\" data-widget_type=\"text-editor.default\">\n\t\t\t\t<div class=\"elementor-widget-container\">\n\t\t\t\t\t\t\t\t\t<p class=\"translation-block\">Michal Walter Geophysical Survey<br>\n11 Jaskrow Street 43-100 Tychy, Poland<br>\nVAT EU: PL 646-298-06-22<br>\nREGON: 385076312<br>\nEORI: PL646298062200000<br>\ncontact@mwgfsurvey.com<\/p>\t\t\t\t\t\t\t\t<\/div>\n\t\t\t\t<\/div>\n\t\t\t\t\t<\/div>\n\t\t\t\t<\/div>\n\t\t\t\t\t<\/div>\n\t\t\t\t<\/div>\n\t\t\t\t<\/div>","protected":false},"excerpt":{"rendered":"<p>Dane do przelewu Wszystkie p\u0142atno\u015bci prosimy kierowa\u0107 na poni\u017csze dane, w tytule podaj\u0105c numer faktury: PLN (z\u0142ot\u00f3wki)Bank: PKO BP S.A.(IBAN): PL 62 1020 2892 0000 5402 0727 8411SWIFT\/BIC: BPKOPLPW EUR (euro)Bank: PKO BP S.A.IBAN: PL 92 1020 2892 0000 5902 0808 9031SWIFT\/BIC: BPKOPLPW GBP (funt szterling)Bank: PKO BP S.A.IBAN: PL 73 1020 2892 0000 5602 [&hellip;]<\/p>\n","protected":false},"author":1,"featured_media":0,"parent":0,"menu_order":0,"comment_status":"closed","ping_status":"closed","template":"","meta":{"footnotes":""},"class_list":["post-1038","page","type-page","status-publish","hentry"],"blocksy_meta":{"has_hero_section":"disabled","vertical_spacing_source":"custom","content_area_spacing":"none","styles_descriptor":{"styles":{"desktop":"","tablet":"","mobile":""},"google_fonts":[],"version":6}},"yoast_head":"<!-- This site is optimized with the Yoast SEO plugin v27.4 - https:\/\/yoast.com\/product\/yoast-seo-wordpress\/ -->\n<title>Contact MWGF Survey | Offshore Engineering Services<\/title>\n<meta name=\"description\" content=\"Contact MWGF Survey to discuss offshore engineering services. Quick response and support for marine survey and geophysical operations.\" \/>\n<meta name=\"robots\" content=\"index, follow, max-snippet:-1, max-image-preview:large, max-video-preview:-1\" \/>\n<link rel=\"canonical\" href=\"https:\/\/mwgfsurvey.com\/en\/contact\/\" \/>\n<meta property=\"og:locale\" content=\"en_GB\" \/>\n<meta property=\"og:type\" content=\"article\" \/>\n<meta property=\"og:title\" content=\"Contact MWGF Survey | Offshore Engineering Services\" \/>\n<meta property=\"og:description\" content=\"Contact MWGF Survey to discuss offshore engineering services. Quick response and support for marine survey and geophysical operations.\" \/>\n<meta property=\"og:url\" content=\"https:\/\/mwgfsurvey.com\/en\/contact\/\" \/>\n<meta property=\"og:site_name\" content=\"mwgfsurvey\" \/>\n<meta property=\"article:modified_time\" content=\"2025-09-29T09:42:39+00:00\" \/>\n<meta property=\"og:image\" content=\"https:\/\/mwgfsurvey.com\/wp-content\/uploads\/2024\/08\/contact-scaled.jpg\" \/>\n\t<meta property=\"og:image:width\" content=\"1928\" \/>\n\t<meta property=\"og:image:height\" content=\"2560\" \/>\n\t<meta property=\"og:image:type\" content=\"image\/jpeg\" \/>\n<meta name=\"twitter:card\" content=\"summary_large_image\" \/>\n<meta name=\"twitter:label1\" content=\"Estimated reading time\" \/>\n\t<meta name=\"twitter:data1\" content=\"1 minute\" \/>\n<script type=\"application\/ld+json\" class=\"yoast-schema-graph\">{\"@context\":\"https:\\\/\\\/schema.org\",\"@graph\":[{\"@type\":\"WebPage\",\"@id\":\"https:\\\/\\\/mwgfsurvey.com\\\/contact\\\/\",\"url\":\"https:\\\/\\\/mwgfsurvey.com\\\/contact\\\/\",\"name\":\"Contact MWGF Survey | Offshore Engineering Services\",\"isPartOf\":{\"@id\":\"https:\\\/\\\/mwgfsurvey.com\\\/#website\"},\"primaryImageOfPage\":{\"@id\":\"https:\\\/\\\/mwgfsurvey.com\\\/contact\\\/#primaryimage\"},\"image\":{\"@id\":\"https:\\\/\\\/mwgfsurvey.com\\\/contact\\\/#primaryimage\"},\"thumbnailUrl\":\"https:\\\/\\\/mwgfsurvey.com\\\/wp-content\\\/uploads\\\/2024\\\/08\\\/contact-768x1020.jpg\",\"datePublished\":\"2024-02-10T13:43:18+00:00\",\"dateModified\":\"2025-09-29T09:42:39+00:00\",\"description\":\"Contact MWGF Survey to discuss offshore engineering services. Quick response and support for marine survey and geophysical operations.\",\"breadcrumb\":{\"@id\":\"https:\\\/\\\/mwgfsurvey.com\\\/contact\\\/#breadcrumb\"},\"inLanguage\":\"en-GB\",\"potentialAction\":[{\"@type\":\"ReadAction\",\"target\":[\"https:\\\/\\\/mwgfsurvey.com\\\/contact\\\/\"]}]},{\"@type\":\"ImageObject\",\"inLanguage\":\"en-GB\",\"@id\":\"https:\\\/\\\/mwgfsurvey.com\\\/contact\\\/#primaryimage\",\"url\":\"https:\\\/\\\/mwgfsurvey.com\\\/wp-content\\\/uploads\\\/2024\\\/08\\\/contact-768x1020.jpg\",\"contentUrl\":\"https:\\\/\\\/mwgfsurvey.com\\\/wp-content\\\/uploads\\\/2024\\\/08\\\/contact-768x1020.jpg\"},{\"@type\":\"BreadcrumbList\",\"@id\":\"https:\\\/\\\/mwgfsurvey.com\\\/contact\\\/#breadcrumb\",\"itemListElement\":[{\"@type\":\"ListItem\",\"position\":1,\"name\":\"Strona g\u0142\u00f3wna\",\"item\":\"https:\\\/\\\/mwgfsurvey.com\\\/\"},{\"@type\":\"ListItem\",\"position\":2,\"name\":\"Kontakt\"}]},{\"@type\":\"WebSite\",\"@id\":\"https:\\\/\\\/mwgfsurvey.com\\\/#website\",\"url\":\"https:\\\/\\\/mwgfsurvey.com\\\/\",\"name\":\"mwgfsurvey\",\"description\":\"\",\"publisher\":{\"@id\":\"https:\\\/\\\/mwgfsurvey.com\\\/#organization\"},\"potentialAction\":[{\"@type\":\"SearchAction\",\"target\":{\"@type\":\"EntryPoint\",\"urlTemplate\":\"https:\\\/\\\/mwgfsurvey.com\\\/?s={search_term_string}\"},\"query-input\":{\"@type\":\"PropertyValueSpecification\",\"valueRequired\":true,\"valueName\":\"search_term_string\"}}],\"inLanguage\":\"en-GB\"},{\"@type\":\"Organization\",\"@id\":\"https:\\\/\\\/mwgfsurvey.com\\\/#organization\",\"name\":\"mwgfsurvey\",\"url\":\"https:\\\/\\\/mwgfsurvey.com\\\/\",\"logo\":{\"@type\":\"ImageObject\",\"inLanguage\":\"en-GB\",\"@id\":\"https:\\\/\\\/mwgfsurvey.com\\\/#\\\/schema\\\/logo\\\/image\\\/\",\"url\":\"https:\\\/\\\/mwgfsurvey.com\\\/wp-content\\\/uploads\\\/2024\\\/08\\\/favicon.png\",\"contentUrl\":\"https:\\\/\\\/mwgfsurvey.com\\\/wp-content\\\/uploads\\\/2024\\\/08\\\/favicon.png\",\"width\":32,\"height\":32,\"caption\":\"mwgfsurvey\"},\"image\":{\"@id\":\"https:\\\/\\\/mwgfsurvey.com\\\/#\\\/schema\\\/logo\\\/image\\\/\"}}]}<\/script>\n<!-- \/ Yoast SEO plugin. -->","yoast_head_json":{"title":"Contact MWGF Survey | Offshore Engineering Services","description":"Contact MWGF Survey to discuss offshore engineering services. Quick response and support for marine survey and geophysical operations.","robots":{"index":"index","follow":"follow","max-snippet":"max-snippet:-1","max-image-preview":"max-image-preview:large","max-video-preview":"max-video-preview:-1"},"canonical":"https:\/\/mwgfsurvey.com\/en\/contact\/","og_locale":"en_GB","og_type":"article","og_title":"Contact MWGF Survey | Offshore Engineering Services","og_description":"Contact MWGF Survey to discuss offshore engineering services. Quick response and support for marine survey and geophysical operations.","og_url":"https:\/\/mwgfsurvey.com\/en\/contact\/","og_site_name":"mwgfsurvey","article_modified_time":"2025-09-29T09:42:39+00:00","og_image":[{"width":1928,"height":2560,"url":"https:\/\/mwgfsurvey.com\/wp-content\/uploads\/2024\/08\/contact-scaled.jpg","type":"image\/jpeg"}],"twitter_card":"summary_large_image","twitter_misc":{"Estimated reading time":"1 minute"},"schema":{"@context":"https:\/\/schema.org","@graph":[{"@type":"WebPage","@id":"https:\/\/mwgfsurvey.com\/contact\/","url":"https:\/\/mwgfsurvey.com\/contact\/","name":"Contact MWGF Survey | Offshore Engineering Services","isPartOf":{"@id":"https:\/\/mwgfsurvey.com\/#website"},"primaryImageOfPage":{"@id":"https:\/\/mwgfsurvey.com\/contact\/#primaryimage"},"image":{"@id":"https:\/\/mwgfsurvey.com\/contact\/#primaryimage"},"thumbnailUrl":"https:\/\/mwgfsurvey.com\/wp-content\/uploads\/2024\/08\/contact-768x1020.jpg","datePublished":"2024-02-10T13:43:18+00:00","dateModified":"2025-09-29T09:42:39+00:00","description":"Contact MWGF Survey to discuss offshore engineering services. Quick response and support for marine survey and geophysical operations.","breadcrumb":{"@id":"https:\/\/mwgfsurvey.com\/contact\/#breadcrumb"},"inLanguage":"en-GB","potentialAction":[{"@type":"ReadAction","target":["https:\/\/mwgfsurvey.com\/contact\/"]}]},{"@type":"ImageObject","inLanguage":"en-GB","@id":"https:\/\/mwgfsurvey.com\/contact\/#primaryimage","url":"https:\/\/mwgfsurvey.com\/wp-content\/uploads\/2024\/08\/contact-768x1020.jpg","contentUrl":"https:\/\/mwgfsurvey.com\/wp-content\/uploads\/2024\/08\/contact-768x1020.jpg"},{"@type":"BreadcrumbList","@id":"https:\/\/mwgfsurvey.com\/contact\/#breadcrumb","itemListElement":[{"@type":"ListItem","position":1,"name":"Strona g\u0142\u00f3wna","item":"https:\/\/mwgfsurvey.com\/"},{"@type":"ListItem","position":2,"name":"Kontakt"}]},{"@type":"WebSite","@id":"https:\/\/mwgfsurvey.com\/#website","url":"https:\/\/mwgfsurvey.com\/","name":"mwgfsurvey","description":"","publisher":{"@id":"https:\/\/mwgfsurvey.com\/#organization"},"potentialAction":[{"@type":"SearchAction","target":{"@type":"EntryPoint","urlTemplate":"https:\/\/mwgfsurvey.com\/?s={search_term_string}"},"query-input":{"@type":"PropertyValueSpecification","valueRequired":true,"valueName":"search_term_string"}}],"inLanguage":"en-GB"},{"@type":"Organization","@id":"https:\/\/mwgfsurvey.com\/#organization","name":"mwgfsurvey","url":"https:\/\/mwgfsurvey.com\/","logo":{"@type":"ImageObject","inLanguage":"en-GB","@id":"https:\/\/mwgfsurvey.com\/#\/schema\/logo\/image\/","url":"https:\/\/mwgfsurvey.com\/wp-content\/uploads\/2024\/08\/favicon.png","contentUrl":"https:\/\/mwgfsurvey.com\/wp-content\/uploads\/2024\/08\/favicon.png","width":32,"height":32,"caption":"mwgfsurvey"},"image":{"@id":"https:\/\/mwgfsurvey.com\/#\/schema\/logo\/image\/"}}]}},"_links":{"self":[{"href":"https:\/\/mwgfsurvey.com\/en\/wp-json\/wp\/v2\/pages\/1038","targetHints":{"allow":["GET"]}}],"collection":[{"href":"https:\/\/mwgfsurvey.com\/en\/wp-json\/wp\/v2\/pages"}],"about":[{"href":"https:\/\/mwgfsurvey.com\/en\/wp-json\/wp\/v2\/types\/page"}],"author":[{"embeddable":true,"href":"https:\/\/mwgfsurvey.com\/en\/wp-json\/wp\/v2\/users\/1"}],"replies":[{"embeddable":true,"href":"https:\/\/mwgfsurvey.com\/en\/wp-json\/wp\/v2\/comments?post=1038"}],"version-history":[{"count":61,"href":"https:\/\/mwgfsurvey.com\/en\/wp-json\/wp\/v2\/pages\/1038\/revisions"}],"predecessor-version":[{"id":2253,"href":"https:\/\/mwgfsurvey.com\/en\/wp-json\/wp\/v2\/pages\/1038\/revisions\/2253"}],"wp:attachment":[{"href":"https:\/\/mwgfsurvey.com\/en\/wp-json\/wp\/v2\/media?parent=1038"}],"curies":[{"name":"wp","href":"https:\/\/api.w.org\/{rel}","templated":true}]}}